{"id":8986,"date":"2026-04-26T01:46:47","date_gmt":"2026-04-25T23:46:47","guid":{"rendered":"https:\/\/terapiadirecta.cat\/blog\/producto\/cristales-en-bruto-500-g-cuarzo-rosa\/"},"modified":"2026-05-16T00:01:48","modified_gmt":"2026-05-15T22:01:48","slug":"cristales-en-bruto-500-g-cuarzo-rosa","status":"publish","type":"product","link":"https:\/\/terapiadirecta.cat\/blog\/producto\/cristales-en-bruto-500-g-cuarzo-rosa\/","title":{"rendered":"Cristales en bruto (500 g) &#8211; Cuarzo rosa"},"content":{"rendered":"<p class=\"font-claude-response-body break-words whitespace-normal leading-[1.7]\"><strong>Cristales en bruto (500 g) &#8211; Cuarzo rosa<\/strong><\/p>\n<p class=\"font-claude-response-body break-words whitespace-normal leading-[1.7]\">500g de cristales de cuarzo rosa natural en bruto. Piedras semipreciosas sin pulir con brillo natural delicado. Cada pieza \u00fanica.<\/p>\n<p class=\"font-claude-response-body break-words whitespace-normal leading-[1.7]\"><strong>Caracter\u00edsticas:<\/strong><\/p>\n<ul class=\"[li_&amp;]:mb-0 [li_&amp;]:mt-1 [li_&amp;]:gap-1 [&amp;:not(:last-child)_ul]:pb-1 [&amp;:not(:last-child)_ol]:pb-1 list-disc flex flex-col gap-1 pl-8 mb-3\">\n<li class=\"whitespace-normal break-words pl-2\">Peso: 500g<\/li>\n<li class=\"whitespace-normal break-words pl-2\">Cuarzo rosa natural puro<\/li>\n<li class=\"whitespace-normal break-words pl-2\">Estado bruto sin pulir<\/li>\n<li class=\"whitespace-normal break-words pl-2\">Brillo natural delicado<\/li>\n<li class=\"whitespace-normal break-words pl-2\">Cada pieza \u00fanica<\/li>\n<\/ul>\n<p class=\"font-claude-response-body break-words whitespace-normal leading-[1.7]\"><strong>Propiedades:<\/strong> Cuarzo rosa atrae amor, compasi\u00f3n y sanaci\u00f3n emocional. Facilita meditaci\u00f3n del coraz\u00f3n y conexi\u00f3n con femenino sagrado. Piedra de amor incondicional.<\/p>\n<p class=\"font-claude-response-body break-words whitespace-normal leading-[1.7]\"><strong>Ideal para:<\/strong> Colecciones, meditaci\u00f3n amorosa, feng shui, decoraci\u00f3n energ\u00e9tica y pr\u00e1ctica hol\u00edstica del coraz\u00f3n.<\/p>\n<p>&nbsp;<\/p>\n<p>&nbsp;<\/p>\n<p>&nbsp;<\/p>\n<p><a href=\"https:\/\/terapiadirecta.cat\/blog\">terapiadirecta.cat<\/a><\/p>\n","protected":false},"excerpt":{"rendered":"<p>500g de cristales de cuarzo rosa natural en bruto. Piedras semipreciosas sin pulir con brillo natural delicado. Cada pieza \u00fanica.<\/p>\n","protected":false},"featured_media":8982,"comment_status":"open","ping_status":"closed","template":"","meta":[],"product_brand":[],"product_cat":[1197],"product_tag":[1260,1234,1211,1217],"class_list":{"0":"post-8986","1":"product","2":"type-product","3":"status-publish","4":"has-post-thumbnail","6":"product_cat-minerales-cristales-terapiadirecta-shop","7":"product_tag-cristales-en-bruto","8":"product_tag-cuarzo-rosa","9":"product_tag-terapiadirecta","10":"product_tag-vddlm-blog","12":"first","13":"instock","14":"taxable","15":"shipping-taxable","16":"purchasable","17":"product-type-simple"},"yoast_head":"<!-- This site is optimized with the Yoast SEO plugin v27.6 - https:\/\/yoast.com\/product\/yoast-seo-wordpress\/ -->\n<title>Cristales en bruto (500 g) - Cuarzo rosa<\/title>\n<meta name=\"description\" content=\"Cristales en bruto (500 g) - Cuarzo rosa: 500g de cristales de cuarzo rosa natural en bruto. Piedras semipreciosas sin pulir con brillo natural delicado.\" \/>\n<meta name=\"robots\" content=\"index, follow, max-snippet:-1, max-image-preview:large, max-video-preview:-1\" \/>\n<link rel=\"canonical\" href=\"https:\/\/terapiadirecta.cat\/blog\/producto\/cristales-en-bruto-500-g-cuarzo-rosa\/\" \/>\n<meta property=\"og:locale\" content=\"es_ES\" \/>\n<meta property=\"og:type\" content=\"article\" \/>\n<meta property=\"og:title\" content=\"Cristales en bruto (500 g) - Cuarzo rosa\" \/>\n<meta property=\"og:description\" content=\"Cristales en bruto (500 g) - Cuarzo rosa: 500g de cristales de cuarzo rosa natural en bruto. Piedras semipreciosas sin pulir con brillo natural delicado.\" \/>\n<meta property=\"og:url\" content=\"https:\/\/terapiadirecta.cat\/blog\/producto\/cristales-en-bruto-500-g-cuarzo-rosa\/\" \/>\n<meta property=\"og:site_name\" content=\"Blog de TerapiaDirecta\" \/>\n<meta property=\"article:publisher\" content=\"https:\/\/www.facebook.com\/terapiadirecta\" \/>\n<meta property=\"article:modified_time\" content=\"2026-05-15T22:01:48+00:00\" \/>\n<meta property=\"og:image\" content=\"https:\/\/terapiadirecta.cat\/blog\/wp-content\/uploads\/2026\/04\/bG9jYWw6Ly9tZWRpYS85SC80RC82MFIzMEMxRzZXUjM0RDlILzM1MGY5ZDY1LmpwZWc.jpg\" \/>\n\t<meta property=\"og:image:width\" content=\"2000\" \/>\n\t<meta property=\"og:image:height\" content=\"2000\" \/>\n\t<meta property=\"og:image:type\" content=\"image\/jpeg\" \/>\n<meta name=\"twitter:card\" content=\"summary_large_image\" \/>\n<meta name=\"twitter:site\" content=\"@terapiadirecta\" \/>\n<meta name=\"twitter:label1\" content=\"Tiempo de lectura\" \/>\n\t<meta name=\"twitter:data1\" content=\"1 minuto\" \/>\n<script type=\"application\/ld+json\" class=\"yoast-schema-graph\">{\"@context\":\"https:\\\/\\\/schema.org\",\"@graph\":[{\"@type\":\"WebPage\",\"@id\":\"https:\\\/\\\/terapiadirecta.cat\\\/blog\\\/producto\\\/cristales-en-bruto-500-g-cuarzo-rosa\\\/\",\"url\":\"https:\\\/\\\/terapiadirecta.cat\\\/blog\\\/producto\\\/cristales-en-bruto-500-g-cuarzo-rosa\\\/\",\"name\":\"Cristales en bruto (500 g) - Cuarzo rosa\",\"isPartOf\":{\"@id\":\"https:\\\/\\\/terapiadirecta.cat\\\/blog\\\/#website\"},\"primaryImageOfPage\":{\"@id\":\"https:\\\/\\\/terapiadirecta.cat\\\/blog\\\/producto\\\/cristales-en-bruto-500-g-cuarzo-rosa\\\/#primaryimage\"},\"image\":{\"@id\":\"https:\\\/\\\/terapiadirecta.cat\\\/blog\\\/producto\\\/cristales-en-bruto-500-g-cuarzo-rosa\\\/#primaryimage\"},\"thumbnailUrl\":\"https:\\\/\\\/terapiadirecta.cat\\\/blog\\\/wp-content\\\/uploads\\\/2026\\\/04\\\/bG9jYWw6Ly9tZWRpYS85SC80RC82MFIzMEMxRzZXUjM0RDlILzM1MGY5ZDY1LmpwZWc.jpg\",\"datePublished\":\"2026-04-25T23:46:47+00:00\",\"dateModified\":\"2026-05-15T22:01:48+00:00\",\"description\":\"Cristales en bruto (500 g) - Cuarzo rosa: 500g de cristales de cuarzo rosa natural en bruto. Piedras semipreciosas sin pulir con brillo natural delicado.\",\"breadcrumb\":{\"@id\":\"https:\\\/\\\/terapiadirecta.cat\\\/blog\\\/producto\\\/cristales-en-bruto-500-g-cuarzo-rosa\\\/#breadcrumb\"},\"inLanguage\":\"es\",\"potentialAction\":[{\"@type\":\"ReadAction\",\"target\":[\"https:\\\/\\\/terapiadirecta.cat\\\/blog\\\/producto\\\/cristales-en-bruto-500-g-cuarzo-rosa\\\/\"]}]},{\"@type\":\"ImageObject\",\"inLanguage\":\"es\",\"@id\":\"https:\\\/\\\/terapiadirecta.cat\\\/blog\\\/producto\\\/cristales-en-bruto-500-g-cuarzo-rosa\\\/#primaryimage\",\"url\":\"https:\\\/\\\/terapiadirecta.cat\\\/blog\\\/wp-content\\\/uploads\\\/2026\\\/04\\\/bG9jYWw6Ly9tZWRpYS85SC80RC82MFIzMEMxRzZXUjM0RDlILzM1MGY5ZDY1LmpwZWc.jpg\",\"contentUrl\":\"https:\\\/\\\/terapiadirecta.cat\\\/blog\\\/wp-content\\\/uploads\\\/2026\\\/04\\\/bG9jYWw6Ly9tZWRpYS85SC80RC82MFIzMEMxRzZXUjM0RDlILzM1MGY5ZDY1LmpwZWc.jpg\",\"width\":2000,\"height\":2000,\"caption\":\"Cristales en bruto (500 g) - Cuarzo rosa\"},{\"@type\":\"BreadcrumbList\",\"@id\":\"https:\\\/\\\/terapiadirecta.cat\\\/blog\\\/producto\\\/cristales-en-bruto-500-g-cuarzo-rosa\\\/#breadcrumb\",\"itemListElement\":[{\"@type\":\"ListItem\",\"position\":1,\"name\":\"Portada\",\"item\":\"https:\\\/\\\/terapiadirecta.cat\\\/blog\\\/\"},{\"@type\":\"ListItem\",\"position\":2,\"name\":\"Tienda\",\"item\":\"https:\\\/\\\/terapiadirecta.cat\\\/blog\\\/tienda\\\/\"},{\"@type\":\"ListItem\",\"position\":3,\"name\":\"Cristales en bruto (500 g) &#8211; Cuarzo rosa\"}]},{\"@type\":\"WebSite\",\"@id\":\"https:\\\/\\\/terapiadirecta.cat\\\/blog\\\/#website\",\"url\":\"https:\\\/\\\/terapiadirecta.cat\\\/blog\\\/\",\"name\":\"Vida Despu\u00e9s De La Muerte\",\"description\":\"Entre Almas Blog\",\"publisher\":{\"@id\":\"https:\\\/\\\/terapiadirecta.cat\\\/blog\\\/#organization\"},\"alternateName\":\"TerapiaDirecta Tienda\",\"potentialAction\":[{\"@type\":\"SearchAction\",\"target\":{\"@type\":\"EntryPoint\",\"urlTemplate\":\"https:\\\/\\\/terapiadirecta.cat\\\/blog\\\/?s={search_term_string}\"},\"query-input\":{\"@type\":\"PropertyValueSpecification\",\"valueRequired\":true,\"valueName\":\"search_term_string\"}}],\"inLanguage\":\"es\"},{\"@type\":\"Organization\",\"@id\":\"https:\\\/\\\/terapiadirecta.cat\\\/blog\\\/#organization\",\"name\":\"terapiadirecta.cat\",\"alternateName\":\"vddlm blog\",\"url\":\"https:\\\/\\\/terapiadirecta.cat\\\/blog\\\/\",\"logo\":{\"@type\":\"ImageObject\",\"inLanguage\":\"es\",\"@id\":\"https:\\\/\\\/terapiadirecta.cat\\\/blog\\\/#\\\/schema\\\/logo\\\/image\\\/\",\"url\":\"https:\\\/\\\/terapiadirecta.cat\\\/blog\\\/wp-content\\\/uploads\\\/2026\\\/02\\\/VDDLM_LOGO_512x512.png\",\"contentUrl\":\"https:\\\/\\\/terapiadirecta.cat\\\/blog\\\/wp-content\\\/uploads\\\/2026\\\/02\\\/VDDLM_LOGO_512x512.png\",\"width\":512,\"height\":512,\"caption\":\"terapiadirecta.cat\"},\"image\":{\"@id\":\"https:\\\/\\\/terapiadirecta.cat\\\/blog\\\/#\\\/schema\\\/logo\\\/image\\\/\"},\"sameAs\":[\"https:\\\/\\\/www.facebook.com\\\/terapiadirecta\",\"https:\\\/\\\/x.com\\\/terapiadirecta\",\"https:\\\/\\\/www.youtube.com\\\/@vidadespuesdelamuerte33\",\"https:\\\/\\\/www.instagram.com\\\/terapiadirecta\\\/\",\"https:\\\/\\\/www.linkedin.com\\\/in\\\/terapiadirecta\\\/\",\"https:\\\/\\\/es.pinterest.com\\\/terapiadirecta\\\/\",\"https:\\\/\\\/www.facebook.com\\\/vedganga\\\/\"]}]}<\/script>\n<!-- \/ Yoast SEO plugin. -->","yoast_head_json":{"title":"Cristales en bruto (500 g) - Cuarzo rosa","description":"Cristales en bruto (500 g) - Cuarzo rosa: 500g de cristales de cuarzo rosa natural en bruto. Piedras semipreciosas sin pulir con brillo natural delicado.","robots":{"index":"index","follow":"follow","max-snippet":"max-snippet:-1","max-image-preview":"max-image-preview:large","max-video-preview":"max-video-preview:-1"},"canonical":"https:\/\/terapiadirecta.cat\/blog\/producto\/cristales-en-bruto-500-g-cuarzo-rosa\/","og_locale":"es_ES","og_type":"article","og_title":"Cristales en bruto (500 g) - Cuarzo rosa","og_description":"Cristales en bruto (500 g) - Cuarzo rosa: 500g de cristales de cuarzo rosa natural en bruto. Piedras semipreciosas sin pulir con brillo natural delicado.","og_url":"https:\/\/terapiadirecta.cat\/blog\/producto\/cristales-en-bruto-500-g-cuarzo-rosa\/","og_site_name":"Blog de TerapiaDirecta","article_publisher":"https:\/\/www.facebook.com\/terapiadirecta","article_modified_time":"2026-05-15T22:01:48+00:00","og_image":[{"width":2000,"height":2000,"url":"https:\/\/terapiadirecta.cat\/blog\/wp-content\/uploads\/2026\/04\/bG9jYWw6Ly9tZWRpYS85SC80RC82MFIzMEMxRzZXUjM0RDlILzM1MGY5ZDY1LmpwZWc.jpg","type":"image\/jpeg"}],"twitter_card":"summary_large_image","twitter_site":"@terapiadirecta","twitter_misc":{"Tiempo de lectura":"1 minuto"},"schema":{"@context":"https:\/\/schema.org","@graph":[{"@type":"WebPage","@id":"https:\/\/terapiadirecta.cat\/blog\/producto\/cristales-en-bruto-500-g-cuarzo-rosa\/","url":"https:\/\/terapiadirecta.cat\/blog\/producto\/cristales-en-bruto-500-g-cuarzo-rosa\/","name":"Cristales en bruto (500 g) - Cuarzo rosa","isPartOf":{"@id":"https:\/\/terapiadirecta.cat\/blog\/#website"},"primaryImageOfPage":{"@id":"https:\/\/terapiadirecta.cat\/blog\/producto\/cristales-en-bruto-500-g-cuarzo-rosa\/#primaryimage"},"image":{"@id":"https:\/\/terapiadirecta.cat\/blog\/producto\/cristales-en-bruto-500-g-cuarzo-rosa\/#primaryimage"},"thumbnailUrl":"https:\/\/terapiadirecta.cat\/blog\/wp-content\/uploads\/2026\/04\/bG9jYWw6Ly9tZWRpYS85SC80RC82MFIzMEMxRzZXUjM0RDlILzM1MGY5ZDY1LmpwZWc.jpg","datePublished":"2026-04-25T23:46:47+00:00","dateModified":"2026-05-15T22:01:48+00:00","description":"Cristales en bruto (500 g) - Cuarzo rosa: 500g de cristales de cuarzo rosa natural en bruto. Piedras semipreciosas sin pulir con brillo natural delicado.","breadcrumb":{"@id":"https:\/\/terapiadirecta.cat\/blog\/producto\/cristales-en-bruto-500-g-cuarzo-rosa\/#breadcrumb"},"inLanguage":"es","potentialAction":[{"@type":"ReadAction","target":["https:\/\/terapiadirecta.cat\/blog\/producto\/cristales-en-bruto-500-g-cuarzo-rosa\/"]}]},{"@type":"ImageObject","inLanguage":"es","@id":"https:\/\/terapiadirecta.cat\/blog\/producto\/cristales-en-bruto-500-g-cuarzo-rosa\/#primaryimage","url":"https:\/\/terapiadirecta.cat\/blog\/wp-content\/uploads\/2026\/04\/bG9jYWw6Ly9tZWRpYS85SC80RC82MFIzMEMxRzZXUjM0RDlILzM1MGY5ZDY1LmpwZWc.jpg","contentUrl":"https:\/\/terapiadirecta.cat\/blog\/wp-content\/uploads\/2026\/04\/bG9jYWw6Ly9tZWRpYS85SC80RC82MFIzMEMxRzZXUjM0RDlILzM1MGY5ZDY1LmpwZWc.jpg","width":2000,"height":2000,"caption":"Cristales en bruto (500 g) - Cuarzo rosa"},{"@type":"BreadcrumbList","@id":"https:\/\/terapiadirecta.cat\/blog\/producto\/cristales-en-bruto-500-g-cuarzo-rosa\/#breadcrumb","itemListElement":[{"@type":"ListItem","position":1,"name":"Portada","item":"https:\/\/terapiadirecta.cat\/blog\/"},{"@type":"ListItem","position":2,"name":"Tienda","item":"https:\/\/terapiadirecta.cat\/blog\/tienda\/"},{"@type":"ListItem","position":3,"name":"Cristales en bruto (500 g) &#8211; Cuarzo rosa"}]},{"@type":"WebSite","@id":"https:\/\/terapiadirecta.cat\/blog\/#website","url":"https:\/\/terapiadirecta.cat\/blog\/","name":"Vida Despu\u00e9s De La Muerte","description":"Entre Almas Blog","publisher":{"@id":"https:\/\/terapiadirecta.cat\/blog\/#organization"},"alternateName":"TerapiaDirecta Tienda","potentialAction":[{"@type":"SearchAction","target":{"@type":"EntryPoint","urlTemplate":"https:\/\/terapiadirecta.cat\/blog\/?s={search_term_string}"},"query-input":{"@type":"PropertyValueSpecification","valueRequired":true,"valueName":"search_term_string"}}],"inLanguage":"es"},{"@type":"Organization","@id":"https:\/\/terapiadirecta.cat\/blog\/#organization","name":"terapiadirecta.cat","alternateName":"vddlm blog","url":"https:\/\/terapiadirecta.cat\/blog\/","logo":{"@type":"ImageObject","inLanguage":"es","@id":"https:\/\/terapiadirecta.cat\/blog\/#\/schema\/logo\/image\/","url":"https:\/\/terapiadirecta.cat\/blog\/wp-content\/uploads\/2026\/02\/VDDLM_LOGO_512x512.png","contentUrl":"https:\/\/terapiadirecta.cat\/blog\/wp-content\/uploads\/2026\/02\/VDDLM_LOGO_512x512.png","width":512,"height":512,"caption":"terapiadirecta.cat"},"image":{"@id":"https:\/\/terapiadirecta.cat\/blog\/#\/schema\/logo\/image\/"},"sameAs":["https:\/\/www.facebook.com\/terapiadirecta","https:\/\/x.com\/terapiadirecta","https:\/\/www.youtube.com\/@vidadespuesdelamuerte33","https:\/\/www.instagram.com\/terapiadirecta\/","https:\/\/www.linkedin.com\/in\/terapiadirecta\/","https:\/\/es.pinterest.com\/terapiadirecta\/","https:\/\/www.facebook.com\/vedganga\/"]}]}},"_links":{"self":[{"href":"https:\/\/terapiadirecta.cat\/blog\/wp-json\/wp\/v2\/product\/8986","targetHints":{"allow":["GET"]}}],"collection":[{"href":"https:\/\/terapiadirecta.cat\/blog\/wp-json\/wp\/v2\/product"}],"about":[{"href":"https:\/\/terapiadirecta.cat\/blog\/wp-json\/wp\/v2\/types\/product"}],"replies":[{"embeddable":true,"href":"https:\/\/terapiadirecta.cat\/blog\/wp-json\/wp\/v2\/comments?post=8986"}],"wp:featuredmedia":[{"embeddable":true,"href":"https:\/\/terapiadirecta.cat\/blog\/wp-json\/wp\/v2\/media\/8982"}],"wp:attachment":[{"href":"https:\/\/terapiadirecta.cat\/blog\/wp-json\/wp\/v2\/media?parent=8986"}],"wp:term":[{"taxonomy":"product_brand","embeddable":true,"href":"https:\/\/terapiadirecta.cat\/blog\/wp-json\/wp\/v2\/product_brand?post=8986"},{"taxonomy":"product_cat","embeddable":true,"href":"https:\/\/terapiadirecta.cat\/blog\/wp-json\/wp\/v2\/product_cat?post=8986"},{"taxonomy":"product_tag","embeddable":true,"href":"https:\/\/terapiadirecta.cat\/blog\/wp-json\/wp\/v2\/product_tag?post=8986"}],"curies":[{"name":"wp","href":"https:\/\/api.w.org\/{rel}","templated":true}]}}