{"id":8426,"date":"2026-04-17T13:08:28","date_gmt":"2026-04-17T11:08:28","guid":{"rendered":"https:\/\/terapiadirecta.cat\/blog\/?post_type=product&#038;p=8426"},"modified":"2026-04-17T17:12:08","modified_gmt":"2026-04-17T15:12:08","slug":"necesitas-orientacion-espiritual","status":"publish","type":"product","link":"https:\/\/terapiadirecta.cat\/blog\/producto\/necesitas-orientacion-espiritual\/","title":{"rendered":"\ud83e\uddff \u00bfNecesitas orientaci\u00f3n espiritual?"},"content":{"rendered":"<p><strong>\u00bfNecesitas orientaci\u00f3n espiritual? WEB<\/strong><br \/>\nPrueba nuestro Or\u00e1culo Esot\u00e9rico WEB con IA: tarot, \u00e1ngeles, karma, s\u00edmbolos sagrados y m\u00e1s. 50 consultas al d\u00eda por 9,99\u20ac\/mes.<\/p>\n<p>\u2728 <a href=\"https:\/\/terapiadirecta.cat\/sabiduria-ancestral\/\"><strong>Tu gu\u00eda espiritual disponible 24\/7<\/strong><\/a><\/p>\n<p>&nbsp;<\/p>\n<p>&nbsp;<\/p>\n<p>&nbsp;<\/p>\n<p><a href=\"https:\/\/terapiadirecta.cat\/sabiduria-ancestral\/\">terapiadirecta.cat<\/a><\/p>\n","protected":false},"excerpt":{"rendered":"<p><strong>\u00bfNecesitas orientaci\u00f3n espiritual? WEB<\/strong><br \/>\nPrueba nuestro Or\u00e1culo Esot\u00e9rico web con IA: tarot, \u00e1ngeles, karma, s\u00edmbolos sagrados y m\u00e1s. 50 consultas al d\u00eda por 9,99\u20ac\/mes.<\/p>\n<p>\u2728 <a href=\"https:\/\/terapiadirecta.cat\/sabiduria-ancestral\/\"><strong>Tu gu\u00eda espiritual disponible 24\/7<\/strong><\/a><\/p>\n<p>&nbsp;<\/p>\n<p>&nbsp;<\/p>\n<p>&nbsp;<\/p>\n","protected":false},"featured_media":8427,"comment_status":"open","ping_status":"closed","template":"","meta":[],"product_brand":[],"product_cat":[1524],"product_tag":[1530,1527,1211,1217],"class_list":{"0":"post-8426","1":"product","2":"type-product","3":"status-publish","4":"has-post-thumbnail","6":"product_cat-producto-digital","7":"product_tag-necesitas-orientacion-espiritual","8":"product_tag-producto-digital","9":"product_tag-terapiadirecta","10":"product_tag-vddlm-blog","12":"first","13":"instock","14":"featured","15":"virtual","16":"taxable","17":"product-type-simple"},"yoast_head":"<!-- This site is optimized with the Yoast SEO plugin v27.5 - https:\/\/yoast.com\/product\/yoast-seo-wordpress\/ -->\n<title>\u00bfNecesitas orientaci\u00f3n espiritual?<\/title>\n<meta name=\"description\" content=\"\u00bfNecesitas orientaci\u00f3n espiritual? Prueba nuestro Or\u00e1culo Esot\u00e9rico con IA: tarot, \u00e1ngeles, karma, s\u00edmbolos sagrados y m\u00e1s. 50 consultas ...\" \/>\n<meta name=\"robots\" content=\"index, follow, max-snippet:-1, max-image-preview:large, max-video-preview:-1\" \/>\n<link rel=\"canonical\" href=\"https:\/\/terapiadirecta.cat\/blog\/producto\/necesitas-orientacion-espiritual\/\" \/>\n<meta property=\"og:locale\" content=\"es_ES\" \/>\n<meta property=\"og:type\" content=\"article\" \/>\n<meta property=\"og:title\" content=\"\u00bfNecesitas orientaci\u00f3n espiritual?\" \/>\n<meta property=\"og:description\" content=\"\u00bfNecesitas orientaci\u00f3n espiritual? Prueba nuestro Or\u00e1culo Esot\u00e9rico con IA: tarot, \u00e1ngeles, karma, s\u00edmbolos sagrados y m\u00e1s. 50 consultas ...\" \/>\n<meta property=\"og:url\" content=\"https:\/\/terapiadirecta.cat\/blog\/producto\/necesitas-orientacion-espiritual\/\" \/>\n<meta property=\"og:site_name\" content=\"Blog de TerapiaDirecta\" \/>\n<meta property=\"article:publisher\" content=\"https:\/\/www.facebook.com\/terapiadirecta\" \/>\n<meta property=\"article:modified_time\" content=\"2026-04-17T15:12:08+00:00\" \/>\n<meta property=\"og:image\" content=\"https:\/\/terapiadirecta.cat\/blog\/wp-content\/uploads\/2026\/04\/sabiduria-ancestral.jpg\" \/>\n\t<meta property=\"og:image:width\" content=\"1080\" \/>\n\t<meta property=\"og:image:height\" content=\"1350\" \/>\n\t<meta property=\"og:image:type\" content=\"image\/jpeg\" \/>\n<meta name=\"twitter:card\" content=\"summary_large_image\" \/>\n<meta name=\"twitter:site\" content=\"@terapiadirecta\" \/>\n<meta name=\"twitter:label1\" content=\"Tiempo de lectura\" \/>\n\t<meta name=\"twitter:data1\" content=\"1 minuto\" \/>\n<script type=\"application\/ld+json\" class=\"yoast-schema-graph\">{\"@context\":\"https:\\\/\\\/schema.org\",\"@graph\":[{\"@type\":\"WebPage\",\"@id\":\"https:\\\/\\\/terapiadirecta.cat\\\/blog\\\/producto\\\/necesitas-orientacion-espiritual\\\/\",\"url\":\"https:\\\/\\\/terapiadirecta.cat\\\/blog\\\/producto\\\/necesitas-orientacion-espiritual\\\/\",\"name\":\"\u00bfNecesitas orientaci\u00f3n espiritual?\",\"isPartOf\":{\"@id\":\"https:\\\/\\\/terapiadirecta.cat\\\/blog\\\/#website\"},\"primaryImageOfPage\":{\"@id\":\"https:\\\/\\\/terapiadirecta.cat\\\/blog\\\/producto\\\/necesitas-orientacion-espiritual\\\/#primaryimage\"},\"image\":{\"@id\":\"https:\\\/\\\/terapiadirecta.cat\\\/blog\\\/producto\\\/necesitas-orientacion-espiritual\\\/#primaryimage\"},\"thumbnailUrl\":\"https:\\\/\\\/terapiadirecta.cat\\\/blog\\\/wp-content\\\/uploads\\\/2026\\\/04\\\/sabiduria-ancestral.jpg\",\"datePublished\":\"2026-04-17T11:08:28+00:00\",\"dateModified\":\"2026-04-17T15:12:08+00:00\",\"description\":\"\u00bfNecesitas orientaci\u00f3n espiritual? Prueba nuestro Or\u00e1culo Esot\u00e9rico con IA: tarot, \u00e1ngeles, karma, s\u00edmbolos sagrados y m\u00e1s. 50 consultas ...\",\"breadcrumb\":{\"@id\":\"https:\\\/\\\/terapiadirecta.cat\\\/blog\\\/producto\\\/necesitas-orientacion-espiritual\\\/#breadcrumb\"},\"inLanguage\":\"es\",\"potentialAction\":[{\"@type\":\"ReadAction\",\"target\":[\"https:\\\/\\\/terapiadirecta.cat\\\/blog\\\/producto\\\/necesitas-orientacion-espiritual\\\/\"]}]},{\"@type\":\"ImageObject\",\"inLanguage\":\"es\",\"@id\":\"https:\\\/\\\/terapiadirecta.cat\\\/blog\\\/producto\\\/necesitas-orientacion-espiritual\\\/#primaryimage\",\"url\":\"https:\\\/\\\/terapiadirecta.cat\\\/blog\\\/wp-content\\\/uploads\\\/2026\\\/04\\\/sabiduria-ancestral.jpg\",\"contentUrl\":\"https:\\\/\\\/terapiadirecta.cat\\\/blog\\\/wp-content\\\/uploads\\\/2026\\\/04\\\/sabiduria-ancestral.jpg\",\"width\":1080,\"height\":1350,\"caption\":\"\u00bfNecesitas orientaci\u00f3n espiritual?\"},{\"@type\":\"BreadcrumbList\",\"@id\":\"https:\\\/\\\/terapiadirecta.cat\\\/blog\\\/producto\\\/necesitas-orientacion-espiritual\\\/#breadcrumb\",\"itemListElement\":[{\"@type\":\"ListItem\",\"position\":1,\"name\":\"Portada\",\"item\":\"https:\\\/\\\/terapiadirecta.cat\\\/blog\\\/\"},{\"@type\":\"ListItem\",\"position\":2,\"name\":\"Tienda\",\"item\":\"https:\\\/\\\/terapiadirecta.cat\\\/blog\\\/tienda\\\/\"},{\"@type\":\"ListItem\",\"position\":3,\"name\":\"\ud83e\uddff \u00bfNecesitas orientaci\u00f3n espiritual?\"}]},{\"@type\":\"WebSite\",\"@id\":\"https:\\\/\\\/terapiadirecta.cat\\\/blog\\\/#website\",\"url\":\"https:\\\/\\\/terapiadirecta.cat\\\/blog\\\/\",\"name\":\"Vida Despu\u00e9s De La Muerte\",\"description\":\"Vida Despu\u00e9s De La Muerte\",\"publisher\":{\"@id\":\"https:\\\/\\\/terapiadirecta.cat\\\/blog\\\/#organization\"},\"alternateName\":\"TerapiaDirecta Tienda\",\"potentialAction\":[{\"@type\":\"SearchAction\",\"target\":{\"@type\":\"EntryPoint\",\"urlTemplate\":\"https:\\\/\\\/terapiadirecta.cat\\\/blog\\\/?s={search_term_string}\"},\"query-input\":{\"@type\":\"PropertyValueSpecification\",\"valueRequired\":true,\"valueName\":\"search_term_string\"}}],\"inLanguage\":\"es\"},{\"@type\":\"Organization\",\"@id\":\"https:\\\/\\\/terapiadirecta.cat\\\/blog\\\/#organization\",\"name\":\"terapiadirecta.cat\",\"alternateName\":\"vddlm blog\",\"url\":\"https:\\\/\\\/terapiadirecta.cat\\\/blog\\\/\",\"logo\":{\"@type\":\"ImageObject\",\"inLanguage\":\"es\",\"@id\":\"https:\\\/\\\/terapiadirecta.cat\\\/blog\\\/#\\\/schema\\\/logo\\\/image\\\/\",\"url\":\"https:\\\/\\\/terapiadirecta.cat\\\/blog\\\/wp-content\\\/uploads\\\/2026\\\/02\\\/VDDLM_LOGO_512x512.png\",\"contentUrl\":\"https:\\\/\\\/terapiadirecta.cat\\\/blog\\\/wp-content\\\/uploads\\\/2026\\\/02\\\/VDDLM_LOGO_512x512.png\",\"width\":512,\"height\":512,\"caption\":\"terapiadirecta.cat\"},\"image\":{\"@id\":\"https:\\\/\\\/terapiadirecta.cat\\\/blog\\\/#\\\/schema\\\/logo\\\/image\\\/\"},\"sameAs\":[\"https:\\\/\\\/www.facebook.com\\\/terapiadirecta\",\"https:\\\/\\\/x.com\\\/terapiadirecta\",\"https:\\\/\\\/www.youtube.com\\\/@vidadespuesdelamuerte33\",\"https:\\\/\\\/www.instagram.com\\\/terapiadirecta\\\/\",\"https:\\\/\\\/www.linkedin.com\\\/in\\\/terapiadirecta\\\/\",\"https:\\\/\\\/es.pinterest.com\\\/terapiadirecta\\\/\",\"https:\\\/\\\/www.facebook.com\\\/vedganga\\\/\"]}]}<\/script>\n<!-- \/ Yoast SEO plugin. -->","yoast_head_json":{"title":"\u00bfNecesitas orientaci\u00f3n espiritual?","description":"\u00bfNecesitas orientaci\u00f3n espiritual? Prueba nuestro Or\u00e1culo Esot\u00e9rico con IA: tarot, \u00e1ngeles, karma, s\u00edmbolos sagrados y m\u00e1s. 50 consultas ...","robots":{"index":"index","follow":"follow","max-snippet":"max-snippet:-1","max-image-preview":"max-image-preview:large","max-video-preview":"max-video-preview:-1"},"canonical":"https:\/\/terapiadirecta.cat\/blog\/producto\/necesitas-orientacion-espiritual\/","og_locale":"es_ES","og_type":"article","og_title":"\u00bfNecesitas orientaci\u00f3n espiritual?","og_description":"\u00bfNecesitas orientaci\u00f3n espiritual? Prueba nuestro Or\u00e1culo Esot\u00e9rico con IA: tarot, \u00e1ngeles, karma, s\u00edmbolos sagrados y m\u00e1s. 50 consultas ...","og_url":"https:\/\/terapiadirecta.cat\/blog\/producto\/necesitas-orientacion-espiritual\/","og_site_name":"Blog de TerapiaDirecta","article_publisher":"https:\/\/www.facebook.com\/terapiadirecta","article_modified_time":"2026-04-17T15:12:08+00:00","og_image":[{"width":1080,"height":1350,"url":"https:\/\/terapiadirecta.cat\/blog\/wp-content\/uploads\/2026\/04\/sabiduria-ancestral.jpg","type":"image\/jpeg"}],"twitter_card":"summary_large_image","twitter_site":"@terapiadirecta","twitter_misc":{"Tiempo de lectura":"1 minuto"},"schema":{"@context":"https:\/\/schema.org","@graph":[{"@type":"WebPage","@id":"https:\/\/terapiadirecta.cat\/blog\/producto\/necesitas-orientacion-espiritual\/","url":"https:\/\/terapiadirecta.cat\/blog\/producto\/necesitas-orientacion-espiritual\/","name":"\u00bfNecesitas orientaci\u00f3n espiritual?","isPartOf":{"@id":"https:\/\/terapiadirecta.cat\/blog\/#website"},"primaryImageOfPage":{"@id":"https:\/\/terapiadirecta.cat\/blog\/producto\/necesitas-orientacion-espiritual\/#primaryimage"},"image":{"@id":"https:\/\/terapiadirecta.cat\/blog\/producto\/necesitas-orientacion-espiritual\/#primaryimage"},"thumbnailUrl":"https:\/\/terapiadirecta.cat\/blog\/wp-content\/uploads\/2026\/04\/sabiduria-ancestral.jpg","datePublished":"2026-04-17T11:08:28+00:00","dateModified":"2026-04-17T15:12:08+00:00","description":"\u00bfNecesitas orientaci\u00f3n espiritual? Prueba nuestro Or\u00e1culo Esot\u00e9rico con IA: tarot, \u00e1ngeles, karma, s\u00edmbolos sagrados y m\u00e1s. 50 consultas ...","breadcrumb":{"@id":"https:\/\/terapiadirecta.cat\/blog\/producto\/necesitas-orientacion-espiritual\/#breadcrumb"},"inLanguage":"es","potentialAction":[{"@type":"ReadAction","target":["https:\/\/terapiadirecta.cat\/blog\/producto\/necesitas-orientacion-espiritual\/"]}]},{"@type":"ImageObject","inLanguage":"es","@id":"https:\/\/terapiadirecta.cat\/blog\/producto\/necesitas-orientacion-espiritual\/#primaryimage","url":"https:\/\/terapiadirecta.cat\/blog\/wp-content\/uploads\/2026\/04\/sabiduria-ancestral.jpg","contentUrl":"https:\/\/terapiadirecta.cat\/blog\/wp-content\/uploads\/2026\/04\/sabiduria-ancestral.jpg","width":1080,"height":1350,"caption":"\u00bfNecesitas orientaci\u00f3n espiritual?"},{"@type":"BreadcrumbList","@id":"https:\/\/terapiadirecta.cat\/blog\/producto\/necesitas-orientacion-espiritual\/#breadcrumb","itemListElement":[{"@type":"ListItem","position":1,"name":"Portada","item":"https:\/\/terapiadirecta.cat\/blog\/"},{"@type":"ListItem","position":2,"name":"Tienda","item":"https:\/\/terapiadirecta.cat\/blog\/tienda\/"},{"@type":"ListItem","position":3,"name":"\ud83e\uddff \u00bfNecesitas orientaci\u00f3n espiritual?"}]},{"@type":"WebSite","@id":"https:\/\/terapiadirecta.cat\/blog\/#website","url":"https:\/\/terapiadirecta.cat\/blog\/","name":"Vida Despu\u00e9s De La Muerte","description":"Vida Despu\u00e9s De La Muerte","publisher":{"@id":"https:\/\/terapiadirecta.cat\/blog\/#organization"},"alternateName":"TerapiaDirecta Tienda","potentialAction":[{"@type":"SearchAction","target":{"@type":"EntryPoint","urlTemplate":"https:\/\/terapiadirecta.cat\/blog\/?s={search_term_string}"},"query-input":{"@type":"PropertyValueSpecification","valueRequired":true,"valueName":"search_term_string"}}],"inLanguage":"es"},{"@type":"Organization","@id":"https:\/\/terapiadirecta.cat\/blog\/#organization","name":"terapiadirecta.cat","alternateName":"vddlm blog","url":"https:\/\/terapiadirecta.cat\/blog\/","logo":{"@type":"ImageObject","inLanguage":"es","@id":"https:\/\/terapiadirecta.cat\/blog\/#\/schema\/logo\/image\/","url":"https:\/\/terapiadirecta.cat\/blog\/wp-content\/uploads\/2026\/02\/VDDLM_LOGO_512x512.png","contentUrl":"https:\/\/terapiadirecta.cat\/blog\/wp-content\/uploads\/2026\/02\/VDDLM_LOGO_512x512.png","width":512,"height":512,"caption":"terapiadirecta.cat"},"image":{"@id":"https:\/\/terapiadirecta.cat\/blog\/#\/schema\/logo\/image\/"},"sameAs":["https:\/\/www.facebook.com\/terapiadirecta","https:\/\/x.com\/terapiadirecta","https:\/\/www.youtube.com\/@vidadespuesdelamuerte33","https:\/\/www.instagram.com\/terapiadirecta\/","https:\/\/www.linkedin.com\/in\/terapiadirecta\/","https:\/\/es.pinterest.com\/terapiadirecta\/","https:\/\/www.facebook.com\/vedganga\/"]}]}},"_links":{"self":[{"href":"https:\/\/terapiadirecta.cat\/blog\/wp-json\/wp\/v2\/product\/8426","targetHints":{"allow":["GET"]}}],"collection":[{"href":"https:\/\/terapiadirecta.cat\/blog\/wp-json\/wp\/v2\/product"}],"about":[{"href":"https:\/\/terapiadirecta.cat\/blog\/wp-json\/wp\/v2\/types\/product"}],"replies":[{"embeddable":true,"href":"https:\/\/terapiadirecta.cat\/blog\/wp-json\/wp\/v2\/comments?post=8426"}],"wp:featuredmedia":[{"embeddable":true,"href":"https:\/\/terapiadirecta.cat\/blog\/wp-json\/wp\/v2\/media\/8427"}],"wp:attachment":[{"href":"https:\/\/terapiadirecta.cat\/blog\/wp-json\/wp\/v2\/media?parent=8426"}],"wp:term":[{"taxonomy":"product_brand","embeddable":true,"href":"https:\/\/terapiadirecta.cat\/blog\/wp-json\/wp\/v2\/product_brand?post=8426"},{"taxonomy":"product_cat","embeddable":true,"href":"https:\/\/terapiadirecta.cat\/blog\/wp-json\/wp\/v2\/product_cat?post=8426"},{"taxonomy":"product_tag","embeddable":true,"href":"https:\/\/terapiadirecta.cat\/blog\/wp-json\/wp\/v2\/product_tag?post=8426"}],"curies":[{"name":"wp","href":"https:\/\/api.w.org\/{rel}","templated":true}]}}