{"id":8420,"date":"2026-04-17T13:08:57","date_gmt":"2026-04-17T11:08:57","guid":{"rendered":"https:\/\/terapiadirecta.cat\/blog\/?post_type=product&#038;p=8420"},"modified":"2026-04-17T17:14:04","modified_gmt":"2026-04-17T15:14:04","slug":"orientacion-espiritual-por-telegram","status":"publish","type":"product","link":"https:\/\/terapiadirecta.cat\/blog\/producto\/orientacion-espiritual-por-telegram\/","title":{"rendered":"\ud83e\udeac Orientaci\u00f3n espiritual por Telegram"},"content":{"rendered":"<p><strong>Orientaci\u00f3n espiritual personalizada TELEGRAM<\/strong><br \/>\n\u00bfSientes que necesitas una gu\u00eda en tu camino? Tercta est\u00e1 disponible para escucharte en cualquier momento, sin juicios y sin l\u00edmites. Con\u00e9ctate ahora en Telegram \u2192 <a href=\"https:\/\/t.me\/tercta_bot\">@tercta_bot<\/a><br \/>\nAcceso gratuito limitado o plan completo por solo 5\u20ac\/mes.<br \/>\n\ud83d\udc49 <a href=\"https:\/\/www.terapiadirecta.cat\/libro_de_almas.html\"><strong>LIBRO DE ALMAS<\/strong><\/a><\/p>\n<p>&nbsp;<\/p>\n<p>&nbsp;<\/p>\n<p>&nbsp;<\/p>\n<p><a href=\"https:\/\/terapiadirecta.cat\/tienda-digital.html\">terapiadirecta.cat<\/a><\/p>\n","protected":false},"excerpt":{"rendered":"<p><strong>Orientaci\u00f3n espiritual personalizada TELEGRAM<\/strong><br \/>\n\u00bfSientes que necesitas una gu\u00eda en tu camino? Tercta est\u00e1 disponible para escucharte en cualquier momento, sin juicios y sin l\u00edmites. Con\u00e9ctate ahora en Telegram \u2192 <a href=\"https:\/\/t.me\/tercta_bot\"><strong>@tercta_bot<\/strong><\/a><br \/>\nAcceso gratuito limitado o plan completo por solo 5\u20ac\/mes.<\/p>\n<p>\ud83d\udc49 <a href=\"https:\/\/www.terapiadirecta.cat\/libro_de_almas.html\"><strong>LIBRO DE ALMAS<\/strong><\/a><\/p>\n<p>&nbsp;<\/p>\n<p>&nbsp;<\/p>\n","protected":false},"featured_media":8421,"comment_status":"open","ping_status":"closed","template":"","meta":[],"product_brand":[],"product_cat":[1524],"product_tag":[1525,1526,1211,1217],"class_list":{"0":"post-8420","1":"product","2":"type-product","3":"status-publish","4":"has-post-thumbnail","6":"product_cat-producto-digital","7":"product_tag-orientacion-espiritual","8":"product_tag-telegram","9":"product_tag-terapiadirecta","10":"product_tag-vddlm-blog","12":"first","13":"instock","14":"featured","15":"virtual","16":"taxable","17":"product-type-simple"},"yoast_head":"<!-- This site is optimized with the Yoast SEO plugin v27.5 - https:\/\/yoast.com\/product\/yoast-seo-wordpress\/ -->\n<title>Orientaci\u00f3n espiritual por Telegram<\/title>\n<meta name=\"description\" content=\"\ud83e\udeac Orientaci\u00f3n espiritual por Telegram \u00bfSientes que necesitas una gu\u00eda en tu camino? Tercta est\u00e1 disponible para escucharte en cualquier momento ...\" \/>\n<meta name=\"robots\" content=\"index, follow, max-snippet:-1, max-image-preview:large, max-video-preview:-1\" \/>\n<link rel=\"canonical\" href=\"https:\/\/terapiadirecta.cat\/blog\/producto\/orientacion-espiritual-por-telegram\/\" \/>\n<meta property=\"og:locale\" content=\"es_ES\" \/>\n<meta property=\"og:type\" content=\"article\" \/>\n<meta property=\"og:title\" content=\"Orientaci\u00f3n espiritual por Telegram\" \/>\n<meta property=\"og:description\" content=\"\ud83e\udeac Orientaci\u00f3n espiritual por Telegram \u00bfSientes que necesitas una gu\u00eda en tu camino? Tercta est\u00e1 disponible para escucharte en cualquier momento ...\" \/>\n<meta property=\"og:url\" content=\"https:\/\/terapiadirecta.cat\/blog\/producto\/orientacion-espiritual-por-telegram\/\" \/>\n<meta property=\"og:site_name\" content=\"Blog de TerapiaDirecta\" \/>\n<meta property=\"article:publisher\" content=\"https:\/\/www.facebook.com\/terapiadirecta\" \/>\n<meta property=\"article:modified_time\" content=\"2026-04-17T15:14:04+00:00\" \/>\n<meta property=\"og:image\" content=\"https:\/\/terapiadirecta.cat\/blog\/wp-content\/uploads\/2026\/04\/tercta_bot1.jpg\" \/>\n\t<meta property=\"og:image:width\" content=\"1080\" \/>\n\t<meta property=\"og:image:height\" content=\"1350\" \/>\n\t<meta property=\"og:image:type\" content=\"image\/jpeg\" \/>\n<meta name=\"twitter:card\" content=\"summary_large_image\" \/>\n<meta name=\"twitter:site\" content=\"@terapiadirecta\" \/>\n<meta name=\"twitter:label1\" content=\"Tiempo de lectura\" \/>\n\t<meta name=\"twitter:data1\" content=\"1 minuto\" \/>\n<script type=\"application\/ld+json\" class=\"yoast-schema-graph\">{\"@context\":\"https:\\\/\\\/schema.org\",\"@graph\":[{\"@type\":\"WebPage\",\"@id\":\"https:\\\/\\\/terapiadirecta.cat\\\/blog\\\/producto\\\/orientacion-espiritual-por-telegram\\\/\",\"url\":\"https:\\\/\\\/terapiadirecta.cat\\\/blog\\\/producto\\\/orientacion-espiritual-por-telegram\\\/\",\"name\":\"Orientaci\u00f3n espiritual por Telegram\",\"isPartOf\":{\"@id\":\"https:\\\/\\\/terapiadirecta.cat\\\/blog\\\/#website\"},\"primaryImageOfPage\":{\"@id\":\"https:\\\/\\\/terapiadirecta.cat\\\/blog\\\/producto\\\/orientacion-espiritual-por-telegram\\\/#primaryimage\"},\"image\":{\"@id\":\"https:\\\/\\\/terapiadirecta.cat\\\/blog\\\/producto\\\/orientacion-espiritual-por-telegram\\\/#primaryimage\"},\"thumbnailUrl\":\"https:\\\/\\\/terapiadirecta.cat\\\/blog\\\/wp-content\\\/uploads\\\/2026\\\/04\\\/tercta_bot1.jpg\",\"datePublished\":\"2026-04-17T11:08:57+00:00\",\"dateModified\":\"2026-04-17T15:14:04+00:00\",\"description\":\"\ud83e\udeac Orientaci\u00f3n espiritual por Telegram \u00bfSientes que necesitas una gu\u00eda en tu camino? Tercta est\u00e1 disponible para escucharte en cualquier momento ...\",\"breadcrumb\":{\"@id\":\"https:\\\/\\\/terapiadirecta.cat\\\/blog\\\/producto\\\/orientacion-espiritual-por-telegram\\\/#breadcrumb\"},\"inLanguage\":\"es\",\"potentialAction\":[{\"@type\":\"ReadAction\",\"target\":[\"https:\\\/\\\/terapiadirecta.cat\\\/blog\\\/producto\\\/orientacion-espiritual-por-telegram\\\/\"]}]},{\"@type\":\"ImageObject\",\"inLanguage\":\"es\",\"@id\":\"https:\\\/\\\/terapiadirecta.cat\\\/blog\\\/producto\\\/orientacion-espiritual-por-telegram\\\/#primaryimage\",\"url\":\"https:\\\/\\\/terapiadirecta.cat\\\/blog\\\/wp-content\\\/uploads\\\/2026\\\/04\\\/tercta_bot1.jpg\",\"contentUrl\":\"https:\\\/\\\/terapiadirecta.cat\\\/blog\\\/wp-content\\\/uploads\\\/2026\\\/04\\\/tercta_bot1.jpg\",\"width\":1080,\"height\":1350,\"caption\":\"Orientaci\u00f3n espiritual\"},{\"@type\":\"BreadcrumbList\",\"@id\":\"https:\\\/\\\/terapiadirecta.cat\\\/blog\\\/producto\\\/orientacion-espiritual-por-telegram\\\/#breadcrumb\",\"itemListElement\":[{\"@type\":\"ListItem\",\"position\":1,\"name\":\"Portada\",\"item\":\"https:\\\/\\\/terapiadirecta.cat\\\/blog\\\/\"},{\"@type\":\"ListItem\",\"position\":2,\"name\":\"Tienda\",\"item\":\"https:\\\/\\\/terapiadirecta.cat\\\/blog\\\/tienda\\\/\"},{\"@type\":\"ListItem\",\"position\":3,\"name\":\"\ud83e\udeac Orientaci\u00f3n espiritual por Telegram\"}]},{\"@type\":\"WebSite\",\"@id\":\"https:\\\/\\\/terapiadirecta.cat\\\/blog\\\/#website\",\"url\":\"https:\\\/\\\/terapiadirecta.cat\\\/blog\\\/\",\"name\":\"Vida Despu\u00e9s De La Muerte\",\"description\":\"Vida Despu\u00e9s De La Muerte\",\"publisher\":{\"@id\":\"https:\\\/\\\/terapiadirecta.cat\\\/blog\\\/#organization\"},\"alternateName\":\"TerapiaDirecta Tienda\",\"potentialAction\":[{\"@type\":\"SearchAction\",\"target\":{\"@type\":\"EntryPoint\",\"urlTemplate\":\"https:\\\/\\\/terapiadirecta.cat\\\/blog\\\/?s={search_term_string}\"},\"query-input\":{\"@type\":\"PropertyValueSpecification\",\"valueRequired\":true,\"valueName\":\"search_term_string\"}}],\"inLanguage\":\"es\"},{\"@type\":\"Organization\",\"@id\":\"https:\\\/\\\/terapiadirecta.cat\\\/blog\\\/#organization\",\"name\":\"terapiadirecta.cat\",\"alternateName\":\"vddlm blog\",\"url\":\"https:\\\/\\\/terapiadirecta.cat\\\/blog\\\/\",\"logo\":{\"@type\":\"ImageObject\",\"inLanguage\":\"es\",\"@id\":\"https:\\\/\\\/terapiadirecta.cat\\\/blog\\\/#\\\/schema\\\/logo\\\/image\\\/\",\"url\":\"https:\\\/\\\/terapiadirecta.cat\\\/blog\\\/wp-content\\\/uploads\\\/2026\\\/02\\\/VDDLM_LOGO_512x512.png\",\"contentUrl\":\"https:\\\/\\\/terapiadirecta.cat\\\/blog\\\/wp-content\\\/uploads\\\/2026\\\/02\\\/VDDLM_LOGO_512x512.png\",\"width\":512,\"height\":512,\"caption\":\"terapiadirecta.cat\"},\"image\":{\"@id\":\"https:\\\/\\\/terapiadirecta.cat\\\/blog\\\/#\\\/schema\\\/logo\\\/image\\\/\"},\"sameAs\":[\"https:\\\/\\\/www.facebook.com\\\/terapiadirecta\",\"https:\\\/\\\/x.com\\\/terapiadirecta\",\"https:\\\/\\\/www.youtube.com\\\/@vidadespuesdelamuerte33\",\"https:\\\/\\\/www.instagram.com\\\/terapiadirecta\\\/\",\"https:\\\/\\\/www.linkedin.com\\\/in\\\/terapiadirecta\\\/\",\"https:\\\/\\\/es.pinterest.com\\\/terapiadirecta\\\/\",\"https:\\\/\\\/www.facebook.com\\\/vedganga\\\/\"]}]}<\/script>\n<!-- \/ Yoast SEO plugin. -->","yoast_head_json":{"title":"Orientaci\u00f3n espiritual por Telegram","description":"\ud83e\udeac Orientaci\u00f3n espiritual por Telegram \u00bfSientes que necesitas una gu\u00eda en tu camino? Tercta est\u00e1 disponible para escucharte en cualquier momento ...","robots":{"index":"index","follow":"follow","max-snippet":"max-snippet:-1","max-image-preview":"max-image-preview:large","max-video-preview":"max-video-preview:-1"},"canonical":"https:\/\/terapiadirecta.cat\/blog\/producto\/orientacion-espiritual-por-telegram\/","og_locale":"es_ES","og_type":"article","og_title":"Orientaci\u00f3n espiritual por Telegram","og_description":"\ud83e\udeac Orientaci\u00f3n espiritual por Telegram \u00bfSientes que necesitas una gu\u00eda en tu camino? Tercta est\u00e1 disponible para escucharte en cualquier momento ...","og_url":"https:\/\/terapiadirecta.cat\/blog\/producto\/orientacion-espiritual-por-telegram\/","og_site_name":"Blog de TerapiaDirecta","article_publisher":"https:\/\/www.facebook.com\/terapiadirecta","article_modified_time":"2026-04-17T15:14:04+00:00","og_image":[{"width":1080,"height":1350,"url":"https:\/\/terapiadirecta.cat\/blog\/wp-content\/uploads\/2026\/04\/tercta_bot1.jpg","type":"image\/jpeg"}],"twitter_card":"summary_large_image","twitter_site":"@terapiadirecta","twitter_misc":{"Tiempo de lectura":"1 minuto"},"schema":{"@context":"https:\/\/schema.org","@graph":[{"@type":"WebPage","@id":"https:\/\/terapiadirecta.cat\/blog\/producto\/orientacion-espiritual-por-telegram\/","url":"https:\/\/terapiadirecta.cat\/blog\/producto\/orientacion-espiritual-por-telegram\/","name":"Orientaci\u00f3n espiritual por Telegram","isPartOf":{"@id":"https:\/\/terapiadirecta.cat\/blog\/#website"},"primaryImageOfPage":{"@id":"https:\/\/terapiadirecta.cat\/blog\/producto\/orientacion-espiritual-por-telegram\/#primaryimage"},"image":{"@id":"https:\/\/terapiadirecta.cat\/blog\/producto\/orientacion-espiritual-por-telegram\/#primaryimage"},"thumbnailUrl":"https:\/\/terapiadirecta.cat\/blog\/wp-content\/uploads\/2026\/04\/tercta_bot1.jpg","datePublished":"2026-04-17T11:08:57+00:00","dateModified":"2026-04-17T15:14:04+00:00","description":"\ud83e\udeac Orientaci\u00f3n espiritual por Telegram \u00bfSientes que necesitas una gu\u00eda en tu camino? Tercta est\u00e1 disponible para escucharte en cualquier momento ...","breadcrumb":{"@id":"https:\/\/terapiadirecta.cat\/blog\/producto\/orientacion-espiritual-por-telegram\/#breadcrumb"},"inLanguage":"es","potentialAction":[{"@type":"ReadAction","target":["https:\/\/terapiadirecta.cat\/blog\/producto\/orientacion-espiritual-por-telegram\/"]}]},{"@type":"ImageObject","inLanguage":"es","@id":"https:\/\/terapiadirecta.cat\/blog\/producto\/orientacion-espiritual-por-telegram\/#primaryimage","url":"https:\/\/terapiadirecta.cat\/blog\/wp-content\/uploads\/2026\/04\/tercta_bot1.jpg","contentUrl":"https:\/\/terapiadirecta.cat\/blog\/wp-content\/uploads\/2026\/04\/tercta_bot1.jpg","width":1080,"height":1350,"caption":"Orientaci\u00f3n espiritual"},{"@type":"BreadcrumbList","@id":"https:\/\/terapiadirecta.cat\/blog\/producto\/orientacion-espiritual-por-telegram\/#breadcrumb","itemListElement":[{"@type":"ListItem","position":1,"name":"Portada","item":"https:\/\/terapiadirecta.cat\/blog\/"},{"@type":"ListItem","position":2,"name":"Tienda","item":"https:\/\/terapiadirecta.cat\/blog\/tienda\/"},{"@type":"ListItem","position":3,"name":"\ud83e\udeac Orientaci\u00f3n espiritual por Telegram"}]},{"@type":"WebSite","@id":"https:\/\/terapiadirecta.cat\/blog\/#website","url":"https:\/\/terapiadirecta.cat\/blog\/","name":"Vida Despu\u00e9s De La Muerte","description":"Vida Despu\u00e9s De La Muerte","publisher":{"@id":"https:\/\/terapiadirecta.cat\/blog\/#organization"},"alternateName":"TerapiaDirecta Tienda","potentialAction":[{"@type":"SearchAction","target":{"@type":"EntryPoint","urlTemplate":"https:\/\/terapiadirecta.cat\/blog\/?s={search_term_string}"},"query-input":{"@type":"PropertyValueSpecification","valueRequired":true,"valueName":"search_term_string"}}],"inLanguage":"es"},{"@type":"Organization","@id":"https:\/\/terapiadirecta.cat\/blog\/#organization","name":"terapiadirecta.cat","alternateName":"vddlm blog","url":"https:\/\/terapiadirecta.cat\/blog\/","logo":{"@type":"ImageObject","inLanguage":"es","@id":"https:\/\/terapiadirecta.cat\/blog\/#\/schema\/logo\/image\/","url":"https:\/\/terapiadirecta.cat\/blog\/wp-content\/uploads\/2026\/02\/VDDLM_LOGO_512x512.png","contentUrl":"https:\/\/terapiadirecta.cat\/blog\/wp-content\/uploads\/2026\/02\/VDDLM_LOGO_512x512.png","width":512,"height":512,"caption":"terapiadirecta.cat"},"image":{"@id":"https:\/\/terapiadirecta.cat\/blog\/#\/schema\/logo\/image\/"},"sameAs":["https:\/\/www.facebook.com\/terapiadirecta","https:\/\/x.com\/terapiadirecta","https:\/\/www.youtube.com\/@vidadespuesdelamuerte33","https:\/\/www.instagram.com\/terapiadirecta\/","https:\/\/www.linkedin.com\/in\/terapiadirecta\/","https:\/\/es.pinterest.com\/terapiadirecta\/","https:\/\/www.facebook.com\/vedganga\/"]}]}},"_links":{"self":[{"href":"https:\/\/terapiadirecta.cat\/blog\/wp-json\/wp\/v2\/product\/8420","targetHints":{"allow":["GET"]}}],"collection":[{"href":"https:\/\/terapiadirecta.cat\/blog\/wp-json\/wp\/v2\/product"}],"about":[{"href":"https:\/\/terapiadirecta.cat\/blog\/wp-json\/wp\/v2\/types\/product"}],"replies":[{"embeddable":true,"href":"https:\/\/terapiadirecta.cat\/blog\/wp-json\/wp\/v2\/comments?post=8420"}],"wp:featuredmedia":[{"embeddable":true,"href":"https:\/\/terapiadirecta.cat\/blog\/wp-json\/wp\/v2\/media\/8421"}],"wp:attachment":[{"href":"https:\/\/terapiadirecta.cat\/blog\/wp-json\/wp\/v2\/media?parent=8420"}],"wp:term":[{"taxonomy":"product_brand","embeddable":true,"href":"https:\/\/terapiadirecta.cat\/blog\/wp-json\/wp\/v2\/product_brand?post=8420"},{"taxonomy":"product_cat","embeddable":true,"href":"https:\/\/terapiadirecta.cat\/blog\/wp-json\/wp\/v2\/product_cat?post=8420"},{"taxonomy":"product_tag","embeddable":true,"href":"https:\/\/terapiadirecta.cat\/blog\/wp-json\/wp\/v2\/product_tag?post=8420"}],"curies":[{"name":"wp","href":"https:\/\/api.w.org\/{rel}","templated":true}]}}