{"id":8243,"date":"2026-04-15T14:15:17","date_gmt":"2026-04-15T12:15:17","guid":{"rendered":"https:\/\/terapiadirecta.cat\/blog\/producto\/100g-palos-de-arbol-verde-de-palo-santo-10-15-palitos\/"},"modified":"2026-04-16T14:02:41","modified_gmt":"2026-04-16T12:02:41","slug":"100g-palos-de-arbol-verde-de-palo-santo-10-15-palitos","status":"publish","type":"product","link":"https:\/\/terapiadirecta.cat\/blog\/producto\/100g-palos-de-arbol-verde-de-palo-santo-10-15-palitos\/","title":{"rendered":"100g Palos de \u00e1rbol verde de palo santo 10-15 Palitos"},"content":{"rendered":"<p class=\"font-claude-response-body break-words whitespace-normal leading-[1.7]\"><strong>100g Palos de \u00c1rbol Verde de Palo Santo 10-15 Palitos<\/strong><\/p>\n<p class=\"font-claude-response-body break-words whitespace-normal leading-[1.7]\">Palos de Palo Santo natural fresco en verde. Peso: 100g. Cantidad: 10-15 palitos aprox. Para quemar directo o sobre carb\u00f3n. Aroma sagrado puro.<\/p>\n<p class=\"font-claude-response-body break-words whitespace-normal leading-[1.7]\"><strong>Caracter\u00edsticas:<\/strong><\/p>\n<ul class=\"[li_&amp;]:mb-0 [li_&amp;]:mt-1 [li_&amp;]:gap-1 [&amp;:not(:last-child)_ul]:pb-1 [&amp;:not(:last-child)_ol]:pb-1 list-disc flex flex-col gap-1 pl-8 mb-3\">\n<li class=\"whitespace-normal break-words pl-2\">Peso: 100g<\/li>\n<li class=\"whitespace-normal break-words pl-2\">Cantidad: 10-15 palitos aprox.<\/li>\n<li class=\"whitespace-normal break-words pl-2\">Palo Santo natural verde fresco<\/li>\n<li class=\"whitespace-normal break-words pl-2\">Para quemar directo o carb\u00f3n<\/li>\n<li class=\"whitespace-normal break-words pl-2\">Aroma sagrado intenso<\/li>\n<\/ul>\n<p class=\"font-claude-response-body break-words whitespace-normal leading-[1.7]\"><strong>Usos:<\/strong> Rituales, purificaci\u00f3n ambiental, meditaci\u00f3n, altares y pr\u00e1ctica esot\u00e9rica.<\/p>\n<p class=\"font-claude-response-body break-words whitespace-normal leading-[1.7]\"><strong>Propiedades:<\/strong> Palo Santo purifica, eleva vibraci\u00f3n y facilita conexi\u00f3n espiritual. Aroma sagrado ancestral favorece transformaci\u00f3n y limpieza energ\u00e9tica.<\/p>\n<p class=\"font-claude-response-body break-words whitespace-normal leading-[1.7]\"><strong>Ideal para:<\/strong> Rituales, purificaci\u00f3n, altares, meditaci\u00f3n y espacios espirituales.<\/p>\n<p><a href=\"https:\/\/terapiadirecta.cat\/blog\/tienda\/\">terapiadirecta.cat<\/a><\/p>\n","protected":false},"excerpt":{"rendered":"<p>Palos de Palo Santo natural fresco en verde. Peso: 100g. Cantidad: 10-15 palitos aprox. Para quemar directo o sobre carb\u00f3n. Aroma sagrado puro.<\/p>\n","protected":false},"featured_media":8238,"comment_status":"open","ping_status":"closed","template":"","meta":[],"product_brand":[],"product_cat":[1199,1198],"product_tag":[],"class_list":{"0":"post-8243","1":"product","2":"type-product","3":"status-publish","4":"has-post-thumbnail","6":"product_cat-inciensos-quemadores","7":"product_cat-palo-santo-salvia","9":"first","10":"instock","11":"sale","12":"taxable","13":"shipping-taxable","14":"purchasable","15":"product-type-simple"},"yoast_head":"<!-- This site is optimized with the Yoast SEO plugin v27.4 - https:\/\/yoast.com\/product\/yoast-seo-wordpress\/ -->\n<title>Palos de \u00e1rbol de palo santo<\/title>\n<meta name=\"description\" content=\"Palos de \u00e1rbol de palo santo. Peso: 100g. Cantidad: 10-15 palitos aprox. Para quemar directo o sobre carb\u00f3n. Aroma sagrado puro.\" \/>\n<meta name=\"robots\" content=\"index, follow, max-snippet:-1, max-image-preview:large, max-video-preview:-1\" \/>\n<link rel=\"canonical\" href=\"https:\/\/terapiadirecta.cat\/blog\/producto\/100g-palos-de-arbol-verde-de-palo-santo-10-15-palitos\/\" \/>\n<meta property=\"og:locale\" content=\"es_ES\" \/>\n<meta property=\"og:type\" content=\"article\" \/>\n<meta property=\"og:title\" content=\"Palos de \u00e1rbol de palo santo\" \/>\n<meta property=\"og:description\" content=\"Palos de \u00e1rbol de palo santo. Peso: 100g. Cantidad: 10-15 palitos aprox. Para quemar directo o sobre carb\u00f3n. Aroma sagrado puro.\" \/>\n<meta property=\"og:url\" content=\"https:\/\/terapiadirecta.cat\/blog\/producto\/100g-palos-de-arbol-verde-de-palo-santo-10-15-palitos\/\" \/>\n<meta property=\"og:site_name\" content=\"VDDLM Blog\" \/>\n<meta property=\"article:publisher\" content=\"https:\/\/www.facebook.com\/terapiadirecta\" \/>\n<meta property=\"article:modified_time\" content=\"2026-04-16T12:02:41+00:00\" \/>\n<meta property=\"og:image\" content=\"https:\/\/terapiadirecta.cat\/blog\/wp-content\/uploads\/2026\/04\/bG9jYWw6Ly9tZWRpYS8xUS9BRS82MFIzMEMxRzZNVjNBRTFRLzRiMzk3NmQyLmpwZWc-1.jpg\" \/>\n\t<meta property=\"og:image:width\" content=\"1600\" \/>\n\t<meta property=\"og:image:height\" content=\"1600\" \/>\n\t<meta property=\"og:image:type\" content=\"image\/jpeg\" \/>\n<meta name=\"twitter:card\" content=\"summary_large_image\" \/>\n<meta name=\"twitter:site\" content=\"@terapiadirecta\" \/>\n<meta name=\"twitter:label1\" content=\"Tiempo de lectura\" \/>\n\t<meta name=\"twitter:data1\" content=\"1 minuto\" \/>\n<script type=\"application\/ld+json\" class=\"yoast-schema-graph\">{\"@context\":\"https:\\\/\\\/schema.org\",\"@graph\":[{\"@type\":\"WebPage\",\"@id\":\"https:\\\/\\\/terapiadirecta.cat\\\/blog\\\/producto\\\/100g-palos-de-arbol-verde-de-palo-santo-10-15-palitos\\\/\",\"url\":\"https:\\\/\\\/terapiadirecta.cat\\\/blog\\\/producto\\\/100g-palos-de-arbol-verde-de-palo-santo-10-15-palitos\\\/\",\"name\":\"Palos de \u00e1rbol de palo santo\",\"isPartOf\":{\"@id\":\"https:\\\/\\\/terapiadirecta.cat\\\/blog\\\/#website\"},\"primaryImageOfPage\":{\"@id\":\"https:\\\/\\\/terapiadirecta.cat\\\/blog\\\/producto\\\/100g-palos-de-arbol-verde-de-palo-santo-10-15-palitos\\\/#primaryimage\"},\"image\":{\"@id\":\"https:\\\/\\\/terapiadirecta.cat\\\/blog\\\/producto\\\/100g-palos-de-arbol-verde-de-palo-santo-10-15-palitos\\\/#primaryimage\"},\"thumbnailUrl\":\"https:\\\/\\\/terapiadirecta.cat\\\/blog\\\/wp-content\\\/uploads\\\/2026\\\/04\\\/bG9jYWw6Ly9tZWRpYS8xUS9BRS82MFIzMEMxRzZNVjNBRTFRLzRiMzk3NmQyLmpwZWc-1.jpg\",\"datePublished\":\"2026-04-15T12:15:17+00:00\",\"dateModified\":\"2026-04-16T12:02:41+00:00\",\"description\":\"Palos de \u00e1rbol de palo santo. Peso: 100g. Cantidad: 10-15 palitos aprox. Para quemar directo o sobre carb\u00f3n. Aroma sagrado puro.\",\"breadcrumb\":{\"@id\":\"https:\\\/\\\/terapiadirecta.cat\\\/blog\\\/producto\\\/100g-palos-de-arbol-verde-de-palo-santo-10-15-palitos\\\/#breadcrumb\"},\"inLanguage\":\"es\",\"potentialAction\":[{\"@type\":\"ReadAction\",\"target\":[\"https:\\\/\\\/terapiadirecta.cat\\\/blog\\\/producto\\\/100g-palos-de-arbol-verde-de-palo-santo-10-15-palitos\\\/\"]}]},{\"@type\":\"ImageObject\",\"inLanguage\":\"es\",\"@id\":\"https:\\\/\\\/terapiadirecta.cat\\\/blog\\\/producto\\\/100g-palos-de-arbol-verde-de-palo-santo-10-15-palitos\\\/#primaryimage\",\"url\":\"https:\\\/\\\/terapiadirecta.cat\\\/blog\\\/wp-content\\\/uploads\\\/2026\\\/04\\\/bG9jYWw6Ly9tZWRpYS8xUS9BRS82MFIzMEMxRzZNVjNBRTFRLzRiMzk3NmQyLmpwZWc-1.jpg\",\"contentUrl\":\"https:\\\/\\\/terapiadirecta.cat\\\/blog\\\/wp-content\\\/uploads\\\/2026\\\/04\\\/bG9jYWw6Ly9tZWRpYS8xUS9BRS82MFIzMEMxRzZNVjNBRTFRLzRiMzk3NmQyLmpwZWc-1.jpg\",\"width\":1600,\"height\":1600,\"caption\":\"Palos de \u00e1rbol de palo santo terapiadirecta.cat\\\/blog\\\/tienda\"},{\"@type\":\"BreadcrumbList\",\"@id\":\"https:\\\/\\\/terapiadirecta.cat\\\/blog\\\/producto\\\/100g-palos-de-arbol-verde-de-palo-santo-10-15-palitos\\\/#breadcrumb\",\"itemListElement\":[{\"@type\":\"ListItem\",\"position\":1,\"name\":\"Portada\",\"item\":\"https:\\\/\\\/terapiadirecta.cat\\\/blog\\\/\"},{\"@type\":\"ListItem\",\"position\":2,\"name\":\"Tienda\",\"item\":\"https:\\\/\\\/terapiadirecta.cat\\\/blog\\\/tienda\\\/\"},{\"@type\":\"ListItem\",\"position\":3,\"name\":\"100g Palos de \u00e1rbol verde de palo santo 10-15 Palitos\"}]},{\"@type\":\"WebSite\",\"@id\":\"https:\\\/\\\/terapiadirecta.cat\\\/blog\\\/#website\",\"url\":\"https:\\\/\\\/terapiadirecta.cat\\\/blog\\\/\",\"name\":\"Vida Despu\u00e9s De La Muerte\",\"description\":\"El blog de TERAPIADIRECTA.CAT\",\"publisher\":{\"@id\":\"https:\\\/\\\/terapiadirecta.cat\\\/blog\\\/#organization\"},\"potentialAction\":[{\"@type\":\"SearchAction\",\"target\":{\"@type\":\"EntryPoint\",\"urlTemplate\":\"https:\\\/\\\/terapiadirecta.cat\\\/blog\\\/?s={search_term_string}\"},\"query-input\":{\"@type\":\"PropertyValueSpecification\",\"valueRequired\":true,\"valueName\":\"search_term_string\"}}],\"inLanguage\":\"es\"},{\"@type\":\"Organization\",\"@id\":\"https:\\\/\\\/terapiadirecta.cat\\\/blog\\\/#organization\",\"name\":\"terapiadirecta.cat\",\"url\":\"https:\\\/\\\/terapiadirecta.cat\\\/blog\\\/\",\"logo\":{\"@type\":\"ImageObject\",\"inLanguage\":\"es\",\"@id\":\"https:\\\/\\\/terapiadirecta.cat\\\/blog\\\/#\\\/schema\\\/logo\\\/image\\\/\",\"url\":\"https:\\\/\\\/terapiadirecta.com\\\/blog\\\/wp-content\\\/uploads\\\/2026\\\/02\\\/VDDLM_LOGO_512x512.png\",\"contentUrl\":\"https:\\\/\\\/terapiadirecta.com\\\/blog\\\/wp-content\\\/uploads\\\/2026\\\/02\\\/VDDLM_LOGO_512x512.png\",\"width\":512,\"height\":512,\"caption\":\"terapiadirecta.cat\"},\"image\":{\"@id\":\"https:\\\/\\\/terapiadirecta.cat\\\/blog\\\/#\\\/schema\\\/logo\\\/image\\\/\"},\"sameAs\":[\"https:\\\/\\\/www.facebook.com\\\/terapiadirecta\",\"https:\\\/\\\/x.com\\\/terapiadirecta\",\"https:\\\/\\\/www.youtube.com\\\/@vidadespuesdelamuerte33\",\"https:\\\/\\\/www.instagram.com\\\/terapiadirecta\\\/\",\"https:\\\/\\\/www.linkedin.com\\\/in\\\/terapiadirecta\\\/\"]}]}<\/script>\n<!-- \/ Yoast SEO plugin. -->","yoast_head_json":{"title":"Palos de \u00e1rbol de palo santo","description":"Palos de \u00e1rbol de palo santo. Peso: 100g. Cantidad: 10-15 palitos aprox. Para quemar directo o sobre carb\u00f3n. Aroma sagrado puro.","robots":{"index":"index","follow":"follow","max-snippet":"max-snippet:-1","max-image-preview":"max-image-preview:large","max-video-preview":"max-video-preview:-1"},"canonical":"https:\/\/terapiadirecta.cat\/blog\/producto\/100g-palos-de-arbol-verde-de-palo-santo-10-15-palitos\/","og_locale":"es_ES","og_type":"article","og_title":"Palos de \u00e1rbol de palo santo","og_description":"Palos de \u00e1rbol de palo santo. Peso: 100g. Cantidad: 10-15 palitos aprox. Para quemar directo o sobre carb\u00f3n. Aroma sagrado puro.","og_url":"https:\/\/terapiadirecta.cat\/blog\/producto\/100g-palos-de-arbol-verde-de-palo-santo-10-15-palitos\/","og_site_name":"VDDLM Blog","article_publisher":"https:\/\/www.facebook.com\/terapiadirecta","article_modified_time":"2026-04-16T12:02:41+00:00","og_image":[{"width":1600,"height":1600,"url":"https:\/\/terapiadirecta.cat\/blog\/wp-content\/uploads\/2026\/04\/bG9jYWw6Ly9tZWRpYS8xUS9BRS82MFIzMEMxRzZNVjNBRTFRLzRiMzk3NmQyLmpwZWc-1.jpg","type":"image\/jpeg"}],"twitter_card":"summary_large_image","twitter_site":"@terapiadirecta","twitter_misc":{"Tiempo de lectura":"1 minuto"},"schema":{"@context":"https:\/\/schema.org","@graph":[{"@type":"WebPage","@id":"https:\/\/terapiadirecta.cat\/blog\/producto\/100g-palos-de-arbol-verde-de-palo-santo-10-15-palitos\/","url":"https:\/\/terapiadirecta.cat\/blog\/producto\/100g-palos-de-arbol-verde-de-palo-santo-10-15-palitos\/","name":"Palos de \u00e1rbol de palo santo","isPartOf":{"@id":"https:\/\/terapiadirecta.cat\/blog\/#website"},"primaryImageOfPage":{"@id":"https:\/\/terapiadirecta.cat\/blog\/producto\/100g-palos-de-arbol-verde-de-palo-santo-10-15-palitos\/#primaryimage"},"image":{"@id":"https:\/\/terapiadirecta.cat\/blog\/producto\/100g-palos-de-arbol-verde-de-palo-santo-10-15-palitos\/#primaryimage"},"thumbnailUrl":"https:\/\/terapiadirecta.cat\/blog\/wp-content\/uploads\/2026\/04\/bG9jYWw6Ly9tZWRpYS8xUS9BRS82MFIzMEMxRzZNVjNBRTFRLzRiMzk3NmQyLmpwZWc-1.jpg","datePublished":"2026-04-15T12:15:17+00:00","dateModified":"2026-04-16T12:02:41+00:00","description":"Palos de \u00e1rbol de palo santo. Peso: 100g. Cantidad: 10-15 palitos aprox. Para quemar directo o sobre carb\u00f3n. Aroma sagrado puro.","breadcrumb":{"@id":"https:\/\/terapiadirecta.cat\/blog\/producto\/100g-palos-de-arbol-verde-de-palo-santo-10-15-palitos\/#breadcrumb"},"inLanguage":"es","potentialAction":[{"@type":"ReadAction","target":["https:\/\/terapiadirecta.cat\/blog\/producto\/100g-palos-de-arbol-verde-de-palo-santo-10-15-palitos\/"]}]},{"@type":"ImageObject","inLanguage":"es","@id":"https:\/\/terapiadirecta.cat\/blog\/producto\/100g-palos-de-arbol-verde-de-palo-santo-10-15-palitos\/#primaryimage","url":"https:\/\/terapiadirecta.cat\/blog\/wp-content\/uploads\/2026\/04\/bG9jYWw6Ly9tZWRpYS8xUS9BRS82MFIzMEMxRzZNVjNBRTFRLzRiMzk3NmQyLmpwZWc-1.jpg","contentUrl":"https:\/\/terapiadirecta.cat\/blog\/wp-content\/uploads\/2026\/04\/bG9jYWw6Ly9tZWRpYS8xUS9BRS82MFIzMEMxRzZNVjNBRTFRLzRiMzk3NmQyLmpwZWc-1.jpg","width":1600,"height":1600,"caption":"Palos de \u00e1rbol de palo santo terapiadirecta.cat\/blog\/tienda"},{"@type":"BreadcrumbList","@id":"https:\/\/terapiadirecta.cat\/blog\/producto\/100g-palos-de-arbol-verde-de-palo-santo-10-15-palitos\/#breadcrumb","itemListElement":[{"@type":"ListItem","position":1,"name":"Portada","item":"https:\/\/terapiadirecta.cat\/blog\/"},{"@type":"ListItem","position":2,"name":"Tienda","item":"https:\/\/terapiadirecta.cat\/blog\/tienda\/"},{"@type":"ListItem","position":3,"name":"100g Palos de \u00e1rbol verde de palo santo 10-15 Palitos"}]},{"@type":"WebSite","@id":"https:\/\/terapiadirecta.cat\/blog\/#website","url":"https:\/\/terapiadirecta.cat\/blog\/","name":"Vida Despu\u00e9s De La Muerte","description":"El blog de TERAPIADIRECTA.CAT","publisher":{"@id":"https:\/\/terapiadirecta.cat\/blog\/#organization"},"potentialAction":[{"@type":"SearchAction","target":{"@type":"EntryPoint","urlTemplate":"https:\/\/terapiadirecta.cat\/blog\/?s={search_term_string}"},"query-input":{"@type":"PropertyValueSpecification","valueRequired":true,"valueName":"search_term_string"}}],"inLanguage":"es"},{"@type":"Organization","@id":"https:\/\/terapiadirecta.cat\/blog\/#organization","name":"terapiadirecta.cat","url":"https:\/\/terapiadirecta.cat\/blog\/","logo":{"@type":"ImageObject","inLanguage":"es","@id":"https:\/\/terapiadirecta.cat\/blog\/#\/schema\/logo\/image\/","url":"https:\/\/terapiadirecta.com\/blog\/wp-content\/uploads\/2026\/02\/VDDLM_LOGO_512x512.png","contentUrl":"https:\/\/terapiadirecta.com\/blog\/wp-content\/uploads\/2026\/02\/VDDLM_LOGO_512x512.png","width":512,"height":512,"caption":"terapiadirecta.cat"},"image":{"@id":"https:\/\/terapiadirecta.cat\/blog\/#\/schema\/logo\/image\/"},"sameAs":["https:\/\/www.facebook.com\/terapiadirecta","https:\/\/x.com\/terapiadirecta","https:\/\/www.youtube.com\/@vidadespuesdelamuerte33","https:\/\/www.instagram.com\/terapiadirecta\/","https:\/\/www.linkedin.com\/in\/terapiadirecta\/"]}]}},"_links":{"self":[{"href":"https:\/\/terapiadirecta.cat\/blog\/wp-json\/wp\/v2\/product\/8243","targetHints":{"allow":["GET"]}}],"collection":[{"href":"https:\/\/terapiadirecta.cat\/blog\/wp-json\/wp\/v2\/product"}],"about":[{"href":"https:\/\/terapiadirecta.cat\/blog\/wp-json\/wp\/v2\/types\/product"}],"replies":[{"embeddable":true,"href":"https:\/\/terapiadirecta.cat\/blog\/wp-json\/wp\/v2\/comments?post=8243"}],"wp:featuredmedia":[{"embeddable":true,"href":"https:\/\/terapiadirecta.cat\/blog\/wp-json\/wp\/v2\/media\/8238"}],"wp:attachment":[{"href":"https:\/\/terapiadirecta.cat\/blog\/wp-json\/wp\/v2\/media?parent=8243"}],"wp:term":[{"taxonomy":"product_brand","embeddable":true,"href":"https:\/\/terapiadirecta.cat\/blog\/wp-json\/wp\/v2\/product_brand?post=8243"},{"taxonomy":"product_cat","embeddable":true,"href":"https:\/\/terapiadirecta.cat\/blog\/wp-json\/wp\/v2\/product_cat?post=8243"},{"taxonomy":"product_tag","embeddable":true,"href":"https:\/\/terapiadirecta.cat\/blog\/wp-json\/wp\/v2\/product_tag?post=8243"}],"curies":[{"name":"wp","href":"https:\/\/api.w.org\/{rel}","templated":true}]}}