{"id":7949,"date":"2026-04-15T14:03:59","date_gmt":"2026-04-15T12:03:59","guid":{"rendered":"https:\/\/terapiadirecta.cat\/blog\/producto\/caja-de-6-copas-de-resina-banjara-frankicense\/"},"modified":"2026-04-15T16:07:37","modified_gmt":"2026-04-15T14:07:37","slug":"caja-de-6-copas-de-resina-banjara-frankicense","status":"publish","type":"product","link":"https:\/\/terapiadirecta.cat\/blog\/producto\/caja-de-6-copas-de-resina-banjara-frankicense\/","title":{"rendered":"Caja de 6 copas de Resina Banjara &#8211; Frankicense"},"content":{"rendered":"<p class=\"font-claude-response-body break-words whitespace-normal leading-[1.7]\"><strong>Caja de 6 Copos de Resina Banjara &#8211; Frankincense<\/strong><\/p>\n<p class=\"font-claude-response-body break-words whitespace-normal leading-[1.7]\">Caja con 6 copos de resina natural marca Banjara con aroma frankincense. Para quemar sobre carb\u00f3n. Aroma sagrado divino natural.<\/p>\n<p class=\"font-claude-response-body break-words whitespace-normal leading-[1.7]\"><strong>Caracter\u00edsticas:<\/strong><\/p>\n<ul class=\"[li_&amp;]:mb-0 [li_&amp;]:mt-1 [li_&amp;]:gap-1 [&amp;:not(:last-child)_ul]:pb-1 [&amp;:not(:last-child)_ol]:pb-1 list-disc flex flex-col gap-1 pl-8 mb-3\">\n<li class=\"whitespace-normal break-words pl-2\">Cantidad: 6 copos<\/li>\n<li class=\"whitespace-normal break-words pl-2\">Marca: Banjara<\/li>\n<li class=\"whitespace-normal break-words pl-2\">Aroma: Frankincense natural<\/li>\n<li class=\"whitespace-normal break-words pl-2\">Para quemar sobre carb\u00f3n<\/li>\n<li class=\"whitespace-normal break-words pl-2\">Resina natural pura<\/li>\n<\/ul>\n<p class=\"font-claude-response-body break-words whitespace-normal leading-[1.7]\"><strong>Usos:<\/strong> Rituales, purificaci\u00f3n, quema sobre carb\u00f3n, altares y pr\u00e1ctica esot\u00e9rica.<\/p>\n<p class=\"font-claude-response-body break-words whitespace-normal leading-[1.7]\"><strong>Propiedades:<\/strong> Frankincense facilita conexi\u00f3n divina y elevaci\u00f3n espiritual. Aroma sagrado ancestral favorece meditaci\u00f3n profunda y comunicaci\u00f3n con lo divino.<\/p>\n<p class=\"font-claude-response-body break-words whitespace-normal leading-[1.7]\"><strong>Ideal para:<\/strong> Rituales, altares, purificaci\u00f3n, meditaci\u00f3n y pr\u00e1ctica esot\u00e9rica especializada.<\/p>\n","protected":false},"excerpt":{"rendered":"<p>Caja con 6 copos de resina natural marca Banjara con aroma frankincense. Para quemar sobre carb\u00f3n. Aroma sagrado divino natural.<\/p>\n","protected":false},"featured_media":7946,"comment_status":"open","ping_status":"closed","template":"","meta":[],"product_brand":[],"product_cat":[1199],"product_tag":[1494,1353,1211,1217],"class_list":{"0":"post-7949","1":"product","2":"type-product","3":"status-publish","4":"has-post-thumbnail","6":"product_cat-inciensos-quemadores","7":"product_tag-copas-de-resina","8":"product_tag-incienso","9":"product_tag-terapiadirecta","10":"product_tag-vddlm-blog","12":"first","13":"instock","14":"taxable","15":"shipping-taxable","16":"purchasable","17":"product-type-simple"},"yoast_head":"<!-- This site is optimized with the Yoast SEO plugin v27.4 - https:\/\/yoast.com\/product\/yoast-seo-wordpress\/ -->\n<title>Caja de 6 copas de Resina Banjara - Frankicense<\/title>\n<meta name=\"description\" content=\"Caja con 6 copos de resina natural marca Banjara con aroma frankincense. Para quemar sobre carb\u00f3n. Aroma sagrado divino natural.\" \/>\n<meta name=\"robots\" content=\"index, follow, max-snippet:-1, max-image-preview:large, max-video-preview:-1\" \/>\n<link rel=\"canonical\" href=\"https:\/\/terapiadirecta.cat\/blog\/producto\/caja-de-6-copas-de-resina-banjara-frankicense\/\" \/>\n<meta property=\"og:locale\" content=\"es_ES\" \/>\n<meta property=\"og:type\" content=\"article\" \/>\n<meta property=\"og:title\" content=\"Caja de 6 copas de Resina Banjara - Frankicense\" \/>\n<meta property=\"og:description\" content=\"Caja con 6 copos de resina natural marca Banjara con aroma frankincense. Para quemar sobre carb\u00f3n. Aroma sagrado divino natural.\" \/>\n<meta property=\"og:url\" content=\"https:\/\/terapiadirecta.cat\/blog\/producto\/caja-de-6-copas-de-resina-banjara-frankicense\/\" \/>\n<meta property=\"og:site_name\" content=\"VDDLM Blog\" \/>\n<meta property=\"article:publisher\" content=\"https:\/\/www.facebook.com\/terapiadirecta\" \/>\n<meta property=\"article:modified_time\" content=\"2026-04-15T14:07:37+00:00\" \/>\n<meta property=\"og:image\" content=\"https:\/\/terapiadirecta.cat\/blog\/wp-content\/uploads\/2026\/04\/bG9jYWw6Ly9tZWRpYS85Ti84Qy82MFIzMEMxRzZXUjM4QzlOLzMyM2YzYWQxLmpwZWc.jpg\" \/>\n\t<meta property=\"og:image:width\" content=\"2000\" \/>\n\t<meta property=\"og:image:height\" content=\"2000\" \/>\n\t<meta property=\"og:image:type\" content=\"image\/jpeg\" \/>\n<meta name=\"twitter:card\" content=\"summary_large_image\" \/>\n<meta name=\"twitter:site\" content=\"@terapiadirecta\" \/>\n<meta name=\"twitter:label1\" content=\"Tiempo de lectura\" \/>\n\t<meta name=\"twitter:data1\" content=\"1 minuto\" \/>\n<script type=\"application\/ld+json\" class=\"yoast-schema-graph\">{\"@context\":\"https:\\\/\\\/schema.org\",\"@graph\":[{\"@type\":\"WebPage\",\"@id\":\"https:\\\/\\\/terapiadirecta.cat\\\/blog\\\/producto\\\/caja-de-6-copas-de-resina-banjara-frankicense\\\/\",\"url\":\"https:\\\/\\\/terapiadirecta.cat\\\/blog\\\/producto\\\/caja-de-6-copas-de-resina-banjara-frankicense\\\/\",\"name\":\"Caja de 6 copas de Resina Banjara - Frankicense\",\"isPartOf\":{\"@id\":\"https:\\\/\\\/terapiadirecta.cat\\\/blog\\\/#website\"},\"primaryImageOfPage\":{\"@id\":\"https:\\\/\\\/terapiadirecta.cat\\\/blog\\\/producto\\\/caja-de-6-copas-de-resina-banjara-frankicense\\\/#primaryimage\"},\"image\":{\"@id\":\"https:\\\/\\\/terapiadirecta.cat\\\/blog\\\/producto\\\/caja-de-6-copas-de-resina-banjara-frankicense\\\/#primaryimage\"},\"thumbnailUrl\":\"https:\\\/\\\/terapiadirecta.cat\\\/blog\\\/wp-content\\\/uploads\\\/2026\\\/04\\\/bG9jYWw6Ly9tZWRpYS85Ti84Qy82MFIzMEMxRzZXUjM4QzlOLzMyM2YzYWQxLmpwZWc.jpg\",\"datePublished\":\"2026-04-15T12:03:59+00:00\",\"dateModified\":\"2026-04-15T14:07:37+00:00\",\"description\":\"Caja con 6 copos de resina natural marca Banjara con aroma frankincense. Para quemar sobre carb\u00f3n. Aroma sagrado divino natural.\",\"breadcrumb\":{\"@id\":\"https:\\\/\\\/terapiadirecta.cat\\\/blog\\\/producto\\\/caja-de-6-copas-de-resina-banjara-frankicense\\\/#breadcrumb\"},\"inLanguage\":\"es\",\"potentialAction\":[{\"@type\":\"ReadAction\",\"target\":[\"https:\\\/\\\/terapiadirecta.cat\\\/blog\\\/producto\\\/caja-de-6-copas-de-resina-banjara-frankicense\\\/\"]}]},{\"@type\":\"ImageObject\",\"inLanguage\":\"es\",\"@id\":\"https:\\\/\\\/terapiadirecta.cat\\\/blog\\\/producto\\\/caja-de-6-copas-de-resina-banjara-frankicense\\\/#primaryimage\",\"url\":\"https:\\\/\\\/terapiadirecta.cat\\\/blog\\\/wp-content\\\/uploads\\\/2026\\\/04\\\/bG9jYWw6Ly9tZWRpYS85Ti84Qy82MFIzMEMxRzZXUjM4QzlOLzMyM2YzYWQxLmpwZWc.jpg\",\"contentUrl\":\"https:\\\/\\\/terapiadirecta.cat\\\/blog\\\/wp-content\\\/uploads\\\/2026\\\/04\\\/bG9jYWw6Ly9tZWRpYS85Ti84Qy82MFIzMEMxRzZXUjM4QzlOLzMyM2YzYWQxLmpwZWc.jpg\",\"width\":2000,\"height\":2000},{\"@type\":\"BreadcrumbList\",\"@id\":\"https:\\\/\\\/terapiadirecta.cat\\\/blog\\\/producto\\\/caja-de-6-copas-de-resina-banjara-frankicense\\\/#breadcrumb\",\"itemListElement\":[{\"@type\":\"ListItem\",\"position\":1,\"name\":\"Portada\",\"item\":\"https:\\\/\\\/terapiadirecta.cat\\\/blog\\\/\"},{\"@type\":\"ListItem\",\"position\":2,\"name\":\"Tienda\",\"item\":\"https:\\\/\\\/terapiadirecta.cat\\\/blog\\\/tienda\\\/\"},{\"@type\":\"ListItem\",\"position\":3,\"name\":\"Caja de 6 copas de Resina Banjara &#8211; Frankicense\"}]},{\"@type\":\"WebSite\",\"@id\":\"https:\\\/\\\/terapiadirecta.cat\\\/blog\\\/#website\",\"url\":\"https:\\\/\\\/terapiadirecta.cat\\\/blog\\\/\",\"name\":\"Vida Despu\u00e9s De La Muerte\",\"description\":\"El blog de TERAPIADIRECTA.CAT\",\"publisher\":{\"@id\":\"https:\\\/\\\/terapiadirecta.cat\\\/blog\\\/#organization\"},\"potentialAction\":[{\"@type\":\"SearchAction\",\"target\":{\"@type\":\"EntryPoint\",\"urlTemplate\":\"https:\\\/\\\/terapiadirecta.cat\\\/blog\\\/?s={search_term_string}\"},\"query-input\":{\"@type\":\"PropertyValueSpecification\",\"valueRequired\":true,\"valueName\":\"search_term_string\"}}],\"inLanguage\":\"es\"},{\"@type\":\"Organization\",\"@id\":\"https:\\\/\\\/terapiadirecta.cat\\\/blog\\\/#organization\",\"name\":\"terapiadirecta.cat\",\"url\":\"https:\\\/\\\/terapiadirecta.cat\\\/blog\\\/\",\"logo\":{\"@type\":\"ImageObject\",\"inLanguage\":\"es\",\"@id\":\"https:\\\/\\\/terapiadirecta.cat\\\/blog\\\/#\\\/schema\\\/logo\\\/image\\\/\",\"url\":\"https:\\\/\\\/terapiadirecta.com\\\/blog\\\/wp-content\\\/uploads\\\/2026\\\/02\\\/VDDLM_LOGO_512x512.png\",\"contentUrl\":\"https:\\\/\\\/terapiadirecta.com\\\/blog\\\/wp-content\\\/uploads\\\/2026\\\/02\\\/VDDLM_LOGO_512x512.png\",\"width\":512,\"height\":512,\"caption\":\"terapiadirecta.cat\"},\"image\":{\"@id\":\"https:\\\/\\\/terapiadirecta.cat\\\/blog\\\/#\\\/schema\\\/logo\\\/image\\\/\"},\"sameAs\":[\"https:\\\/\\\/www.facebook.com\\\/terapiadirecta\",\"https:\\\/\\\/x.com\\\/terapiadirecta\",\"https:\\\/\\\/www.youtube.com\\\/@vidadespuesdelamuerte33\",\"https:\\\/\\\/www.instagram.com\\\/terapiadirecta\\\/\",\"https:\\\/\\\/www.linkedin.com\\\/in\\\/terapiadirecta\\\/\"]}]}<\/script>\n<!-- \/ Yoast SEO plugin. -->","yoast_head_json":{"title":"Caja de 6 copas de Resina Banjara - Frankicense","description":"Caja con 6 copos de resina natural marca Banjara con aroma frankincense. Para quemar sobre carb\u00f3n. Aroma sagrado divino natural.","robots":{"index":"index","follow":"follow","max-snippet":"max-snippet:-1","max-image-preview":"max-image-preview:large","max-video-preview":"max-video-preview:-1"},"canonical":"https:\/\/terapiadirecta.cat\/blog\/producto\/caja-de-6-copas-de-resina-banjara-frankicense\/","og_locale":"es_ES","og_type":"article","og_title":"Caja de 6 copas de Resina Banjara - Frankicense","og_description":"Caja con 6 copos de resina natural marca Banjara con aroma frankincense. Para quemar sobre carb\u00f3n. Aroma sagrado divino natural.","og_url":"https:\/\/terapiadirecta.cat\/blog\/producto\/caja-de-6-copas-de-resina-banjara-frankicense\/","og_site_name":"VDDLM Blog","article_publisher":"https:\/\/www.facebook.com\/terapiadirecta","article_modified_time":"2026-04-15T14:07:37+00:00","og_image":[{"width":2000,"height":2000,"url":"https:\/\/terapiadirecta.cat\/blog\/wp-content\/uploads\/2026\/04\/bG9jYWw6Ly9tZWRpYS85Ti84Qy82MFIzMEMxRzZXUjM4QzlOLzMyM2YzYWQxLmpwZWc.jpg","type":"image\/jpeg"}],"twitter_card":"summary_large_image","twitter_site":"@terapiadirecta","twitter_misc":{"Tiempo de lectura":"1 minuto"},"schema":{"@context":"https:\/\/schema.org","@graph":[{"@type":"WebPage","@id":"https:\/\/terapiadirecta.cat\/blog\/producto\/caja-de-6-copas-de-resina-banjara-frankicense\/","url":"https:\/\/terapiadirecta.cat\/blog\/producto\/caja-de-6-copas-de-resina-banjara-frankicense\/","name":"Caja de 6 copas de Resina Banjara - Frankicense","isPartOf":{"@id":"https:\/\/terapiadirecta.cat\/blog\/#website"},"primaryImageOfPage":{"@id":"https:\/\/terapiadirecta.cat\/blog\/producto\/caja-de-6-copas-de-resina-banjara-frankicense\/#primaryimage"},"image":{"@id":"https:\/\/terapiadirecta.cat\/blog\/producto\/caja-de-6-copas-de-resina-banjara-frankicense\/#primaryimage"},"thumbnailUrl":"https:\/\/terapiadirecta.cat\/blog\/wp-content\/uploads\/2026\/04\/bG9jYWw6Ly9tZWRpYS85Ti84Qy82MFIzMEMxRzZXUjM4QzlOLzMyM2YzYWQxLmpwZWc.jpg","datePublished":"2026-04-15T12:03:59+00:00","dateModified":"2026-04-15T14:07:37+00:00","description":"Caja con 6 copos de resina natural marca Banjara con aroma frankincense. Para quemar sobre carb\u00f3n. Aroma sagrado divino natural.","breadcrumb":{"@id":"https:\/\/terapiadirecta.cat\/blog\/producto\/caja-de-6-copas-de-resina-banjara-frankicense\/#breadcrumb"},"inLanguage":"es","potentialAction":[{"@type":"ReadAction","target":["https:\/\/terapiadirecta.cat\/blog\/producto\/caja-de-6-copas-de-resina-banjara-frankicense\/"]}]},{"@type":"ImageObject","inLanguage":"es","@id":"https:\/\/terapiadirecta.cat\/blog\/producto\/caja-de-6-copas-de-resina-banjara-frankicense\/#primaryimage","url":"https:\/\/terapiadirecta.cat\/blog\/wp-content\/uploads\/2026\/04\/bG9jYWw6Ly9tZWRpYS85Ti84Qy82MFIzMEMxRzZXUjM4QzlOLzMyM2YzYWQxLmpwZWc.jpg","contentUrl":"https:\/\/terapiadirecta.cat\/blog\/wp-content\/uploads\/2026\/04\/bG9jYWw6Ly9tZWRpYS85Ti84Qy82MFIzMEMxRzZXUjM4QzlOLzMyM2YzYWQxLmpwZWc.jpg","width":2000,"height":2000},{"@type":"BreadcrumbList","@id":"https:\/\/terapiadirecta.cat\/blog\/producto\/caja-de-6-copas-de-resina-banjara-frankicense\/#breadcrumb","itemListElement":[{"@type":"ListItem","position":1,"name":"Portada","item":"https:\/\/terapiadirecta.cat\/blog\/"},{"@type":"ListItem","position":2,"name":"Tienda","item":"https:\/\/terapiadirecta.cat\/blog\/tienda\/"},{"@type":"ListItem","position":3,"name":"Caja de 6 copas de Resina Banjara &#8211; Frankicense"}]},{"@type":"WebSite","@id":"https:\/\/terapiadirecta.cat\/blog\/#website","url":"https:\/\/terapiadirecta.cat\/blog\/","name":"Vida Despu\u00e9s De La Muerte","description":"El blog de TERAPIADIRECTA.CAT","publisher":{"@id":"https:\/\/terapiadirecta.cat\/blog\/#organization"},"potentialAction":[{"@type":"SearchAction","target":{"@type":"EntryPoint","urlTemplate":"https:\/\/terapiadirecta.cat\/blog\/?s={search_term_string}"},"query-input":{"@type":"PropertyValueSpecification","valueRequired":true,"valueName":"search_term_string"}}],"inLanguage":"es"},{"@type":"Organization","@id":"https:\/\/terapiadirecta.cat\/blog\/#organization","name":"terapiadirecta.cat","url":"https:\/\/terapiadirecta.cat\/blog\/","logo":{"@type":"ImageObject","inLanguage":"es","@id":"https:\/\/terapiadirecta.cat\/blog\/#\/schema\/logo\/image\/","url":"https:\/\/terapiadirecta.com\/blog\/wp-content\/uploads\/2026\/02\/VDDLM_LOGO_512x512.png","contentUrl":"https:\/\/terapiadirecta.com\/blog\/wp-content\/uploads\/2026\/02\/VDDLM_LOGO_512x512.png","width":512,"height":512,"caption":"terapiadirecta.cat"},"image":{"@id":"https:\/\/terapiadirecta.cat\/blog\/#\/schema\/logo\/image\/"},"sameAs":["https:\/\/www.facebook.com\/terapiadirecta","https:\/\/x.com\/terapiadirecta","https:\/\/www.youtube.com\/@vidadespuesdelamuerte33","https:\/\/www.instagram.com\/terapiadirecta\/","https:\/\/www.linkedin.com\/in\/terapiadirecta\/"]}]}},"_links":{"self":[{"href":"https:\/\/terapiadirecta.cat\/blog\/wp-json\/wp\/v2\/product\/7949","targetHints":{"allow":["GET"]}}],"collection":[{"href":"https:\/\/terapiadirecta.cat\/blog\/wp-json\/wp\/v2\/product"}],"about":[{"href":"https:\/\/terapiadirecta.cat\/blog\/wp-json\/wp\/v2\/types\/product"}],"replies":[{"embeddable":true,"href":"https:\/\/terapiadirecta.cat\/blog\/wp-json\/wp\/v2\/comments?post=7949"}],"wp:featuredmedia":[{"embeddable":true,"href":"https:\/\/terapiadirecta.cat\/blog\/wp-json\/wp\/v2\/media\/7946"}],"wp:attachment":[{"href":"https:\/\/terapiadirecta.cat\/blog\/wp-json\/wp\/v2\/media?parent=7949"}],"wp:term":[{"taxonomy":"product_brand","embeddable":true,"href":"https:\/\/terapiadirecta.cat\/blog\/wp-json\/wp\/v2\/product_brand?post=7949"},{"taxonomy":"product_cat","embeddable":true,"href":"https:\/\/terapiadirecta.cat\/blog\/wp-json\/wp\/v2\/product_cat?post=7949"},{"taxonomy":"product_tag","embeddable":true,"href":"https:\/\/terapiadirecta.cat\/blog\/wp-json\/wp\/v2\/product_tag?post=7949"}],"curies":[{"name":"wp","href":"https:\/\/api.w.org\/{rel}","templated":true}]}}