{"id":7708,"date":"2026-04-01T19:01:39","date_gmt":"2026-04-01T17:01:39","guid":{"rendered":"https:\/\/terapiadirecta.cat\/blog\/producto\/campana-de-laton-para-altar-triquetra\/"},"modified":"2026-04-01T19:51:33","modified_gmt":"2026-04-01T17:51:33","slug":"campana-de-laton-para-altar-triquetra","status":"publish","type":"product","link":"https:\/\/terapiadirecta.cat\/blog\/producto\/campana-de-laton-para-altar-triquetra\/","title":{"rendered":"Campana de lat\u00f3n para altar &#8211; Triquetra"},"content":{"rendered":"<p>Forjada artesanalmente en lat\u00f3n macizo, esta campana de altar luce en su parte superior la ancestral Triquetra, emblema de eternidad, protecci\u00f3n y unidad espiritual. Con 10,5 cm de altura, ofrece un peso equilibrado y un sonido brillante y resonante, perfecto para acompa\u00f1ar rituales y pr\u00e1cticas de meditaci\u00f3n.<\/p>\n<p>&nbsp;<\/p>\n","protected":false},"excerpt":{"rendered":"<p>Forjada artesanalmente en lat\u00f3n macizo, esta campana de altar luce en su parte superior la ancestral Triquetra, emblema de eternidad, protecci\u00f3n y unidad espiritual. Con 10,5 cm de altura, ofrece un peso equilibrado y un sonido brillante y resonante, perfecto para acompa\u00f1ar rituales y pr\u00e1cticas de meditaci\u00f3n.<\/p>\n<p>&nbsp;<\/p>\n","protected":false},"featured_media":7706,"comment_status":"open","ping_status":"closed","template":"","meta":[],"product_brand":[],"product_cat":[1242],"product_tag":[1474,1211,1475],"class_list":{"0":"post-7708","1":"product","2":"type-product","3":"status-publish","4":"has-post-thumbnail","6":"product_cat-sonido-vibracion","7":"product_tag-campana-de-laton-para-altar-triquetra","8":"product_tag-terapiadirecta","9":"product_tag-vdldlm-blog","11":"first","12":"instock","13":"taxable","14":"shipping-taxable","15":"purchasable","16":"product-type-simple"},"yoast_head":"<!-- This site is optimized with the Yoast SEO plugin v27.3 - https:\/\/yoast.com\/product\/yoast-seo-wordpress\/ -->\n<title>Campana de lat\u00f3n para altar - Triquetra<\/title>\n<meta name=\"description\" content=\"Forjada artesanalmente en lat\u00f3n macizo, esta campana de altar luce en su parte superior la ancestral Triquetra, emblema de eternidad, protecci\u00f3n y unidad espiritual. Con 10,5 cm de altura, ofrece un peso equilibrado y un sonido brillante y resonante, perfecto para acompa\u00f1ar rituales y pr\u00e1cticas de meditaci\u00f3n.\" \/>\n<meta name=\"robots\" content=\"index, follow, max-snippet:-1, max-image-preview:large, max-video-preview:-1\" \/>\n<link rel=\"canonical\" href=\"https:\/\/terapiadirecta.cat\/blog\/producto\/campana-de-laton-para-altar-triquetra\/\" \/>\n<meta property=\"og:locale\" content=\"es_ES\" \/>\n<meta property=\"og:type\" content=\"article\" \/>\n<meta property=\"og:title\" content=\"Campana de lat\u00f3n para altar - Triquetra\" \/>\n<meta property=\"og:description\" content=\"Forjada artesanalmente en lat\u00f3n macizo, esta campana de altar luce en su parte superior la ancestral Triquetra, emblema de eternidad, protecci\u00f3n y unidad espiritual. Con 10,5 cm de altura, ofrece un peso equilibrado y un sonido brillante y resonante, perfecto para acompa\u00f1ar rituales y pr\u00e1cticas de meditaci\u00f3n.\" \/>\n<meta property=\"og:url\" content=\"https:\/\/terapiadirecta.cat\/blog\/producto\/campana-de-laton-para-altar-triquetra\/\" \/>\n<meta property=\"og:site_name\" content=\"VDDLM Blog\" \/>\n<meta property=\"article:publisher\" content=\"https:\/\/www.facebook.com\/terapiadirecta\" \/>\n<meta property=\"article:modified_time\" content=\"2026-04-01T17:51:33+00:00\" \/>\n<meta property=\"og:image\" content=\"https:\/\/terapiadirecta.cat\/blog\/wp-content\/uploads\/2026\/04\/bG9jYWw6Ly9tZWRpYS9TUS84RC82MFIzMEMxSDc0V0s4RFNRL2NmMmRjMTNjLmpwZWc.jpg\" \/>\n\t<meta property=\"og:image:width\" content=\"2000\" \/>\n\t<meta property=\"og:image:height\" content=\"2000\" \/>\n\t<meta property=\"og:image:type\" content=\"image\/jpeg\" \/>\n<meta name=\"twitter:card\" content=\"summary_large_image\" \/>\n<meta name=\"twitter:site\" content=\"@terapiadirecta\" \/>\n<meta name=\"twitter:label1\" content=\"Tiempo de lectura\" \/>\n\t<meta name=\"twitter:data1\" content=\"1 minuto\" \/>\n<script type=\"application\/ld+json\" class=\"yoast-schema-graph\">{\"@context\":\"https:\\\/\\\/schema.org\",\"@graph\":[{\"@type\":\"WebPage\",\"@id\":\"https:\\\/\\\/terapiadirecta.cat\\\/blog\\\/producto\\\/campana-de-laton-para-altar-triquetra\\\/\",\"url\":\"https:\\\/\\\/terapiadirecta.cat\\\/blog\\\/producto\\\/campana-de-laton-para-altar-triquetra\\\/\",\"name\":\"Campana de lat\u00f3n para altar - Triquetra\",\"isPartOf\":{\"@id\":\"https:\\\/\\\/terapiadirecta.cat\\\/blog\\\/#website\"},\"primaryImageOfPage\":{\"@id\":\"https:\\\/\\\/terapiadirecta.cat\\\/blog\\\/producto\\\/campana-de-laton-para-altar-triquetra\\\/#primaryimage\"},\"image\":{\"@id\":\"https:\\\/\\\/terapiadirecta.cat\\\/blog\\\/producto\\\/campana-de-laton-para-altar-triquetra\\\/#primaryimage\"},\"thumbnailUrl\":\"https:\\\/\\\/terapiadirecta.cat\\\/blog\\\/wp-content\\\/uploads\\\/2026\\\/04\\\/bG9jYWw6Ly9tZWRpYS9TUS84RC82MFIzMEMxSDc0V0s4RFNRL2NmMmRjMTNjLmpwZWc.jpg\",\"datePublished\":\"2026-04-01T17:01:39+00:00\",\"dateModified\":\"2026-04-01T17:51:33+00:00\",\"description\":\"Forjada artesanalmente en lat\u00f3n macizo, esta campana de altar luce en su parte superior la ancestral Triquetra, emblema de eternidad, protecci\u00f3n y unidad espiritual. Con 10,5 cm de altura, ofrece un peso equilibrado y un sonido brillante y resonante, perfecto para acompa\u00f1ar rituales y pr\u00e1cticas de meditaci\u00f3n.\",\"breadcrumb\":{\"@id\":\"https:\\\/\\\/terapiadirecta.cat\\\/blog\\\/producto\\\/campana-de-laton-para-altar-triquetra\\\/#breadcrumb\"},\"inLanguage\":\"es\",\"potentialAction\":[{\"@type\":\"ReadAction\",\"target\":[\"https:\\\/\\\/terapiadirecta.cat\\\/blog\\\/producto\\\/campana-de-laton-para-altar-triquetra\\\/\"]}]},{\"@type\":\"ImageObject\",\"inLanguage\":\"es\",\"@id\":\"https:\\\/\\\/terapiadirecta.cat\\\/blog\\\/producto\\\/campana-de-laton-para-altar-triquetra\\\/#primaryimage\",\"url\":\"https:\\\/\\\/terapiadirecta.cat\\\/blog\\\/wp-content\\\/uploads\\\/2026\\\/04\\\/bG9jYWw6Ly9tZWRpYS9TUS84RC82MFIzMEMxSDc0V0s4RFNRL2NmMmRjMTNjLmpwZWc.jpg\",\"contentUrl\":\"https:\\\/\\\/terapiadirecta.cat\\\/blog\\\/wp-content\\\/uploads\\\/2026\\\/04\\\/bG9jYWw6Ly9tZWRpYS9TUS84RC82MFIzMEMxSDc0V0s4RFNRL2NmMmRjMTNjLmpwZWc.jpg\",\"width\":2000,\"height\":2000},{\"@type\":\"BreadcrumbList\",\"@id\":\"https:\\\/\\\/terapiadirecta.cat\\\/blog\\\/producto\\\/campana-de-laton-para-altar-triquetra\\\/#breadcrumb\",\"itemListElement\":[{\"@type\":\"ListItem\",\"position\":1,\"name\":\"Portada\",\"item\":\"https:\\\/\\\/terapiadirecta.cat\\\/blog\\\/\"},{\"@type\":\"ListItem\",\"position\":2,\"name\":\"Tienda\",\"item\":\"https:\\\/\\\/terapiadirecta.cat\\\/blog\\\/tienda\\\/\"},{\"@type\":\"ListItem\",\"position\":3,\"name\":\"Campana de lat\u00f3n para altar &#8211; Triquetra\"}]},{\"@type\":\"WebSite\",\"@id\":\"https:\\\/\\\/terapiadirecta.cat\\\/blog\\\/#website\",\"url\":\"https:\\\/\\\/terapiadirecta.cat\\\/blog\\\/\",\"name\":\"Vida Despu\u00e9s De La Muerte\",\"description\":\"El blog de TERAPIADIRECTA.CAT\",\"publisher\":{\"@id\":\"https:\\\/\\\/terapiadirecta.cat\\\/blog\\\/#organization\"},\"potentialAction\":[{\"@type\":\"SearchAction\",\"target\":{\"@type\":\"EntryPoint\",\"urlTemplate\":\"https:\\\/\\\/terapiadirecta.cat\\\/blog\\\/?s={search_term_string}\"},\"query-input\":{\"@type\":\"PropertyValueSpecification\",\"valueRequired\":true,\"valueName\":\"search_term_string\"}}],\"inLanguage\":\"es\"},{\"@type\":\"Organization\",\"@id\":\"https:\\\/\\\/terapiadirecta.cat\\\/blog\\\/#organization\",\"name\":\"terapiadirecta.cat\",\"url\":\"https:\\\/\\\/terapiadirecta.cat\\\/blog\\\/\",\"logo\":{\"@type\":\"ImageObject\",\"inLanguage\":\"es\",\"@id\":\"https:\\\/\\\/terapiadirecta.cat\\\/blog\\\/#\\\/schema\\\/logo\\\/image\\\/\",\"url\":\"https:\\\/\\\/terapiadirecta.com\\\/blog\\\/wp-content\\\/uploads\\\/2026\\\/02\\\/VDDLM_LOGO_512x512.png\",\"contentUrl\":\"https:\\\/\\\/terapiadirecta.com\\\/blog\\\/wp-content\\\/uploads\\\/2026\\\/02\\\/VDDLM_LOGO_512x512.png\",\"width\":512,\"height\":512,\"caption\":\"terapiadirecta.cat\"},\"image\":{\"@id\":\"https:\\\/\\\/terapiadirecta.cat\\\/blog\\\/#\\\/schema\\\/logo\\\/image\\\/\"},\"sameAs\":[\"https:\\\/\\\/www.facebook.com\\\/terapiadirecta\",\"https:\\\/\\\/x.com\\\/terapiadirecta\",\"https:\\\/\\\/www.youtube.com\\\/@vidadespuesdelamuerte33\",\"https:\\\/\\\/www.instagram.com\\\/terapiadirecta\\\/\",\"https:\\\/\\\/www.linkedin.com\\\/in\\\/terapiadirecta\\\/\"]}]}<\/script>\n<!-- \/ Yoast SEO plugin. -->","yoast_head_json":{"title":"Campana de lat\u00f3n para altar - Triquetra","description":"Forjada artesanalmente en lat\u00f3n macizo, esta campana de altar luce en su parte superior la ancestral Triquetra, emblema de eternidad, protecci\u00f3n y unidad espiritual. Con 10,5 cm de altura, ofrece un peso equilibrado y un sonido brillante y resonante, perfecto para acompa\u00f1ar rituales y pr\u00e1cticas de meditaci\u00f3n.","robots":{"index":"index","follow":"follow","max-snippet":"max-snippet:-1","max-image-preview":"max-image-preview:large","max-video-preview":"max-video-preview:-1"},"canonical":"https:\/\/terapiadirecta.cat\/blog\/producto\/campana-de-laton-para-altar-triquetra\/","og_locale":"es_ES","og_type":"article","og_title":"Campana de lat\u00f3n para altar - Triquetra","og_description":"Forjada artesanalmente en lat\u00f3n macizo, esta campana de altar luce en su parte superior la ancestral Triquetra, emblema de eternidad, protecci\u00f3n y unidad espiritual. Con 10,5 cm de altura, ofrece un peso equilibrado y un sonido brillante y resonante, perfecto para acompa\u00f1ar rituales y pr\u00e1cticas de meditaci\u00f3n.","og_url":"https:\/\/terapiadirecta.cat\/blog\/producto\/campana-de-laton-para-altar-triquetra\/","og_site_name":"VDDLM Blog","article_publisher":"https:\/\/www.facebook.com\/terapiadirecta","article_modified_time":"2026-04-01T17:51:33+00:00","og_image":[{"width":2000,"height":2000,"url":"https:\/\/terapiadirecta.cat\/blog\/wp-content\/uploads\/2026\/04\/bG9jYWw6Ly9tZWRpYS9TUS84RC82MFIzMEMxSDc0V0s4RFNRL2NmMmRjMTNjLmpwZWc.jpg","type":"image\/jpeg"}],"twitter_card":"summary_large_image","twitter_site":"@terapiadirecta","twitter_misc":{"Tiempo de lectura":"1 minuto"},"schema":{"@context":"https:\/\/schema.org","@graph":[{"@type":"WebPage","@id":"https:\/\/terapiadirecta.cat\/blog\/producto\/campana-de-laton-para-altar-triquetra\/","url":"https:\/\/terapiadirecta.cat\/blog\/producto\/campana-de-laton-para-altar-triquetra\/","name":"Campana de lat\u00f3n para altar - Triquetra","isPartOf":{"@id":"https:\/\/terapiadirecta.cat\/blog\/#website"},"primaryImageOfPage":{"@id":"https:\/\/terapiadirecta.cat\/blog\/producto\/campana-de-laton-para-altar-triquetra\/#primaryimage"},"image":{"@id":"https:\/\/terapiadirecta.cat\/blog\/producto\/campana-de-laton-para-altar-triquetra\/#primaryimage"},"thumbnailUrl":"https:\/\/terapiadirecta.cat\/blog\/wp-content\/uploads\/2026\/04\/bG9jYWw6Ly9tZWRpYS9TUS84RC82MFIzMEMxSDc0V0s4RFNRL2NmMmRjMTNjLmpwZWc.jpg","datePublished":"2026-04-01T17:01:39+00:00","dateModified":"2026-04-01T17:51:33+00:00","description":"Forjada artesanalmente en lat\u00f3n macizo, esta campana de altar luce en su parte superior la ancestral Triquetra, emblema de eternidad, protecci\u00f3n y unidad espiritual. Con 10,5 cm de altura, ofrece un peso equilibrado y un sonido brillante y resonante, perfecto para acompa\u00f1ar rituales y pr\u00e1cticas de meditaci\u00f3n.","breadcrumb":{"@id":"https:\/\/terapiadirecta.cat\/blog\/producto\/campana-de-laton-para-altar-triquetra\/#breadcrumb"},"inLanguage":"es","potentialAction":[{"@type":"ReadAction","target":["https:\/\/terapiadirecta.cat\/blog\/producto\/campana-de-laton-para-altar-triquetra\/"]}]},{"@type":"ImageObject","inLanguage":"es","@id":"https:\/\/terapiadirecta.cat\/blog\/producto\/campana-de-laton-para-altar-triquetra\/#primaryimage","url":"https:\/\/terapiadirecta.cat\/blog\/wp-content\/uploads\/2026\/04\/bG9jYWw6Ly9tZWRpYS9TUS84RC82MFIzMEMxSDc0V0s4RFNRL2NmMmRjMTNjLmpwZWc.jpg","contentUrl":"https:\/\/terapiadirecta.cat\/blog\/wp-content\/uploads\/2026\/04\/bG9jYWw6Ly9tZWRpYS9TUS84RC82MFIzMEMxSDc0V0s4RFNRL2NmMmRjMTNjLmpwZWc.jpg","width":2000,"height":2000},{"@type":"BreadcrumbList","@id":"https:\/\/terapiadirecta.cat\/blog\/producto\/campana-de-laton-para-altar-triquetra\/#breadcrumb","itemListElement":[{"@type":"ListItem","position":1,"name":"Portada","item":"https:\/\/terapiadirecta.cat\/blog\/"},{"@type":"ListItem","position":2,"name":"Tienda","item":"https:\/\/terapiadirecta.cat\/blog\/tienda\/"},{"@type":"ListItem","position":3,"name":"Campana de lat\u00f3n para altar &#8211; Triquetra"}]},{"@type":"WebSite","@id":"https:\/\/terapiadirecta.cat\/blog\/#website","url":"https:\/\/terapiadirecta.cat\/blog\/","name":"Vida Despu\u00e9s De La Muerte","description":"El blog de TERAPIADIRECTA.CAT","publisher":{"@id":"https:\/\/terapiadirecta.cat\/blog\/#organization"},"potentialAction":[{"@type":"SearchAction","target":{"@type":"EntryPoint","urlTemplate":"https:\/\/terapiadirecta.cat\/blog\/?s={search_term_string}"},"query-input":{"@type":"PropertyValueSpecification","valueRequired":true,"valueName":"search_term_string"}}],"inLanguage":"es"},{"@type":"Organization","@id":"https:\/\/terapiadirecta.cat\/blog\/#organization","name":"terapiadirecta.cat","url":"https:\/\/terapiadirecta.cat\/blog\/","logo":{"@type":"ImageObject","inLanguage":"es","@id":"https:\/\/terapiadirecta.cat\/blog\/#\/schema\/logo\/image\/","url":"https:\/\/terapiadirecta.com\/blog\/wp-content\/uploads\/2026\/02\/VDDLM_LOGO_512x512.png","contentUrl":"https:\/\/terapiadirecta.com\/blog\/wp-content\/uploads\/2026\/02\/VDDLM_LOGO_512x512.png","width":512,"height":512,"caption":"terapiadirecta.cat"},"image":{"@id":"https:\/\/terapiadirecta.cat\/blog\/#\/schema\/logo\/image\/"},"sameAs":["https:\/\/www.facebook.com\/terapiadirecta","https:\/\/x.com\/terapiadirecta","https:\/\/www.youtube.com\/@vidadespuesdelamuerte33","https:\/\/www.instagram.com\/terapiadirecta\/","https:\/\/www.linkedin.com\/in\/terapiadirecta\/"]}]}},"_links":{"self":[{"href":"https:\/\/terapiadirecta.cat\/blog\/wp-json\/wp\/v2\/product\/7708","targetHints":{"allow":["GET"]}}],"collection":[{"href":"https:\/\/terapiadirecta.cat\/blog\/wp-json\/wp\/v2\/product"}],"about":[{"href":"https:\/\/terapiadirecta.cat\/blog\/wp-json\/wp\/v2\/types\/product"}],"replies":[{"embeddable":true,"href":"https:\/\/terapiadirecta.cat\/blog\/wp-json\/wp\/v2\/comments?post=7708"}],"wp:featuredmedia":[{"embeddable":true,"href":"https:\/\/terapiadirecta.cat\/blog\/wp-json\/wp\/v2\/media\/7706"}],"wp:attachment":[{"href":"https:\/\/terapiadirecta.cat\/blog\/wp-json\/wp\/v2\/media?parent=7708"}],"wp:term":[{"taxonomy":"product_brand","embeddable":true,"href":"https:\/\/terapiadirecta.cat\/blog\/wp-json\/wp\/v2\/product_brand?post=7708"},{"taxonomy":"product_cat","embeddable":true,"href":"https:\/\/terapiadirecta.cat\/blog\/wp-json\/wp\/v2\/product_cat?post=7708"},{"taxonomy":"product_tag","embeddable":true,"href":"https:\/\/terapiadirecta.cat\/blog\/wp-json\/wp\/v2\/product_tag?post=7708"}],"curies":[{"name":"wp","href":"https:\/\/api.w.org\/{rel}","templated":true}]}}