{"id":7652,"date":"2026-04-01T17:42:44","date_gmt":"2026-04-01T15:42:44","guid":{"rendered":"https:\/\/terapiadirecta.cat\/blog\/producto\/lampara-sal-natural-de-3-5kg\/"},"modified":"2026-04-01T17:52:33","modified_gmt":"2026-04-01T15:52:33","slug":"lampara-sal-natural-de-3-5kg","status":"publish","type":"product","link":"https:\/\/terapiadirecta.cat\/blog\/producto\/lampara-sal-natural-de-3-5kg\/","title":{"rendered":"L\u00e1mpara sal natural de 3-5kg"},"content":{"rendered":"<p style=\"text-align: justify;\">Estas l\u00e1mparas son muy beneficiosas porque atrapan los iones negativos que hay en el aire.<\/p>\n<p style=\"text-align: justify;\">Esto es genial ya que hoy d\u00eda lamentablemente la contaminaci\u00f3n est\u00e1 muy avanzada, en parte por aparatos el\u00e9ctricos que atraen a iones positivos causando da\u00f1os y deterioros en la calidad del ambiente.<\/p>\n<p style=\"text-align: justify;\"><strong>\u00a0<\/strong><\/p>\n<p style=\"text-align: justify;\"><strong>Reconocido cl\u00ednicamente como un tratamiento eficaz y libre de medicamentos para para los pacientes con trastornos respiratorios y alergias entre otros.<\/strong><\/p>\n<p>&nbsp;<\/p>\n","protected":false},"excerpt":{"rendered":"<p style=\"text-align: justify;\">Estas l\u00e1mparas son muy beneficiosas porque atrapan los iones negativos que hay en el aire.<\/p>\n<p style=\"text-align: justify;\">Esto es genial ya que hoy d\u00eda lamentablemente la contaminaci\u00f3n est\u00e1 muy avanzada, en parte por aparatos el\u00e9ctricos que atraen a iones positivos causando da\u00f1os y deterioros en la calidad del ambiente.<\/p>\n<p style=\"text-align: justify;\"><strong>\u00a0<\/strong><\/p>\n<p style=\"text-align: justify;\"><strong>Reconocido cl\u00ednicamente como un tratamiento eficaz y libre de medicamentos para para los pacientes con trastornos respiratorios y alergias entre otros.<\/strong><\/p>\n<p>&nbsp;<\/p>\n","protected":false},"featured_media":7649,"comment_status":"open","ping_status":"closed","template":"","meta":[],"product_brand":[],"product_cat":[1203,1197],"product_tag":[1449,1211,1217],"class_list":{"0":"post-7652","1":"product","2":"type-product","3":"status-publish","4":"has-post-thumbnail","6":"product_cat-estatuas-decoracion","7":"product_cat-minerales-cristales","8":"product_tag-lampara-sal-natural","9":"product_tag-terapiadirecta","10":"product_tag-vddlm-blog","12":"first","13":"instock","14":"taxable","15":"shipping-taxable","16":"purchasable","17":"product-type-simple"},"yoast_head":"<!-- This site is optimized with the Yoast SEO plugin v27.4 - https:\/\/yoast.com\/product\/yoast-seo-wordpress\/ -->\n<title>L\u00e1mpara sal natural de 3-5kg<\/title>\n<meta name=\"description\" content=\"Estas l\u00e1mparas son muy beneficiosas porque atrapan los iones negativos que hay en el aire.\u00a0Esto es genial ya que hoy d\u00eda lamentablemente la contaminaci\u00f3n est\u00e1 muy avanzada, en parte por aparatos el\u00e9ctricos que atraen a iones positivos causando da\u00f1os y deterioros en la calidad del ambiente.Reconocido cl\u00ednicamente como un tratamiento eficaz y libre de medicamentos para para los pacientes con trastornos respiratorios y alergias entre otros.\" \/>\n<meta name=\"robots\" content=\"index, follow, max-snippet:-1, max-image-preview:large, max-video-preview:-1\" \/>\n<link rel=\"canonical\" href=\"https:\/\/terapiadirecta.cat\/blog\/producto\/lampara-sal-natural-de-3-5kg\/\" \/>\n<meta property=\"og:locale\" content=\"es_ES\" \/>\n<meta property=\"og:type\" content=\"article\" \/>\n<meta property=\"og:title\" content=\"L\u00e1mpara sal natural de 3-5kg\" \/>\n<meta property=\"og:description\" content=\"Estas l\u00e1mparas son muy beneficiosas porque atrapan los iones negativos que hay en el aire.\u00a0Esto es genial ya que hoy d\u00eda lamentablemente la contaminaci\u00f3n est\u00e1 muy avanzada, en parte por aparatos el\u00e9ctricos que atraen a iones positivos causando da\u00f1os y deterioros en la calidad del ambiente.Reconocido cl\u00ednicamente como un tratamiento eficaz y libre de medicamentos para para los pacientes con trastornos respiratorios y alergias entre otros.\" \/>\n<meta property=\"og:url\" content=\"https:\/\/terapiadirecta.cat\/blog\/producto\/lampara-sal-natural-de-3-5kg\/\" \/>\n<meta property=\"og:site_name\" content=\"VDDLM Blog\" \/>\n<meta property=\"article:publisher\" content=\"https:\/\/www.facebook.com\/terapiadirecta\" \/>\n<meta property=\"article:modified_time\" content=\"2026-04-01T15:52:33+00:00\" \/>\n<meta property=\"og:image\" content=\"https:\/\/terapiadirecta.cat\/blog\/wp-content\/uploads\/2026\/04\/bG9jYWw6Ly9tZWRpYS9IUy9HRC82MFIzMEMxSDY4UktHREhTLzI3NDk2NWU2LmpwZWc.jpg\" \/>\n\t<meta property=\"og:image:width\" content=\"1600\" \/>\n\t<meta property=\"og:image:height\" content=\"1600\" \/>\n\t<meta property=\"og:image:type\" content=\"image\/jpeg\" \/>\n<meta name=\"twitter:card\" content=\"summary_large_image\" \/>\n<meta name=\"twitter:site\" content=\"@terapiadirecta\" \/>\n<meta name=\"twitter:label1\" content=\"Tiempo de lectura\" \/>\n\t<meta name=\"twitter:data1\" content=\"1 minuto\" \/>\n<script type=\"application\/ld+json\" class=\"yoast-schema-graph\">{\"@context\":\"https:\\\/\\\/schema.org\",\"@graph\":[{\"@type\":\"WebPage\",\"@id\":\"https:\\\/\\\/terapiadirecta.cat\\\/blog\\\/producto\\\/lampara-sal-natural-de-3-5kg\\\/\",\"url\":\"https:\\\/\\\/terapiadirecta.cat\\\/blog\\\/producto\\\/lampara-sal-natural-de-3-5kg\\\/\",\"name\":\"L\u00e1mpara sal natural de 3-5kg\",\"isPartOf\":{\"@id\":\"https:\\\/\\\/terapiadirecta.cat\\\/blog\\\/#website\"},\"primaryImageOfPage\":{\"@id\":\"https:\\\/\\\/terapiadirecta.cat\\\/blog\\\/producto\\\/lampara-sal-natural-de-3-5kg\\\/#primaryimage\"},\"image\":{\"@id\":\"https:\\\/\\\/terapiadirecta.cat\\\/blog\\\/producto\\\/lampara-sal-natural-de-3-5kg\\\/#primaryimage\"},\"thumbnailUrl\":\"https:\\\/\\\/terapiadirecta.cat\\\/blog\\\/wp-content\\\/uploads\\\/2026\\\/04\\\/bG9jYWw6Ly9tZWRpYS9IUy9HRC82MFIzMEMxSDY4UktHREhTLzI3NDk2NWU2LmpwZWc.jpg\",\"datePublished\":\"2026-04-01T15:42:44+00:00\",\"dateModified\":\"2026-04-01T15:52:33+00:00\",\"description\":\"Estas l\u00e1mparas son muy beneficiosas porque atrapan los iones negativos que hay en el aire.\u00a0Esto es genial ya que hoy d\u00eda lamentablemente la contaminaci\u00f3n est\u00e1 muy avanzada, en parte por aparatos el\u00e9ctricos que atraen a iones positivos causando da\u00f1os y deterioros en la calidad del ambiente.Reconocido cl\u00ednicamente como un tratamiento eficaz y libre de medicamentos para para los pacientes con trastornos respiratorios y alergias entre otros.\",\"breadcrumb\":{\"@id\":\"https:\\\/\\\/terapiadirecta.cat\\\/blog\\\/producto\\\/lampara-sal-natural-de-3-5kg\\\/#breadcrumb\"},\"inLanguage\":\"es\",\"potentialAction\":[{\"@type\":\"ReadAction\",\"target\":[\"https:\\\/\\\/terapiadirecta.cat\\\/blog\\\/producto\\\/lampara-sal-natural-de-3-5kg\\\/\"]}]},{\"@type\":\"ImageObject\",\"inLanguage\":\"es\",\"@id\":\"https:\\\/\\\/terapiadirecta.cat\\\/blog\\\/producto\\\/lampara-sal-natural-de-3-5kg\\\/#primaryimage\",\"url\":\"https:\\\/\\\/terapiadirecta.cat\\\/blog\\\/wp-content\\\/uploads\\\/2026\\\/04\\\/bG9jYWw6Ly9tZWRpYS9IUy9HRC82MFIzMEMxSDY4UktHREhTLzI3NDk2NWU2LmpwZWc.jpg\",\"contentUrl\":\"https:\\\/\\\/terapiadirecta.cat\\\/blog\\\/wp-content\\\/uploads\\\/2026\\\/04\\\/bG9jYWw6Ly9tZWRpYS9IUy9HRC82MFIzMEMxSDY4UktHREhTLzI3NDk2NWU2LmpwZWc.jpg\",\"width\":1600,\"height\":1600},{\"@type\":\"BreadcrumbList\",\"@id\":\"https:\\\/\\\/terapiadirecta.cat\\\/blog\\\/producto\\\/lampara-sal-natural-de-3-5kg\\\/#breadcrumb\",\"itemListElement\":[{\"@type\":\"ListItem\",\"position\":1,\"name\":\"Portada\",\"item\":\"https:\\\/\\\/terapiadirecta.cat\\\/blog\\\/\"},{\"@type\":\"ListItem\",\"position\":2,\"name\":\"Tienda\",\"item\":\"https:\\\/\\\/terapiadirecta.cat\\\/blog\\\/tienda\\\/\"},{\"@type\":\"ListItem\",\"position\":3,\"name\":\"L\u00e1mpara sal natural de 3-5kg\"}]},{\"@type\":\"WebSite\",\"@id\":\"https:\\\/\\\/terapiadirecta.cat\\\/blog\\\/#website\",\"url\":\"https:\\\/\\\/terapiadirecta.cat\\\/blog\\\/\",\"name\":\"Vida Despu\u00e9s De La Muerte\",\"description\":\"El blog de TERAPIADIRECTA.CAT\",\"publisher\":{\"@id\":\"https:\\\/\\\/terapiadirecta.cat\\\/blog\\\/#organization\"},\"potentialAction\":[{\"@type\":\"SearchAction\",\"target\":{\"@type\":\"EntryPoint\",\"urlTemplate\":\"https:\\\/\\\/terapiadirecta.cat\\\/blog\\\/?s={search_term_string}\"},\"query-input\":{\"@type\":\"PropertyValueSpecification\",\"valueRequired\":true,\"valueName\":\"search_term_string\"}}],\"inLanguage\":\"es\"},{\"@type\":\"Organization\",\"@id\":\"https:\\\/\\\/terapiadirecta.cat\\\/blog\\\/#organization\",\"name\":\"terapiadirecta.cat\",\"url\":\"https:\\\/\\\/terapiadirecta.cat\\\/blog\\\/\",\"logo\":{\"@type\":\"ImageObject\",\"inLanguage\":\"es\",\"@id\":\"https:\\\/\\\/terapiadirecta.cat\\\/blog\\\/#\\\/schema\\\/logo\\\/image\\\/\",\"url\":\"https:\\\/\\\/terapiadirecta.com\\\/blog\\\/wp-content\\\/uploads\\\/2026\\\/02\\\/VDDLM_LOGO_512x512.png\",\"contentUrl\":\"https:\\\/\\\/terapiadirecta.com\\\/blog\\\/wp-content\\\/uploads\\\/2026\\\/02\\\/VDDLM_LOGO_512x512.png\",\"width\":512,\"height\":512,\"caption\":\"terapiadirecta.cat\"},\"image\":{\"@id\":\"https:\\\/\\\/terapiadirecta.cat\\\/blog\\\/#\\\/schema\\\/logo\\\/image\\\/\"},\"sameAs\":[\"https:\\\/\\\/www.facebook.com\\\/terapiadirecta\",\"https:\\\/\\\/x.com\\\/terapiadirecta\",\"https:\\\/\\\/www.youtube.com\\\/@vidadespuesdelamuerte33\",\"https:\\\/\\\/www.instagram.com\\\/terapiadirecta\\\/\",\"https:\\\/\\\/www.linkedin.com\\\/in\\\/terapiadirecta\\\/\"]}]}<\/script>\n<!-- \/ Yoast SEO plugin. -->","yoast_head_json":{"title":"L\u00e1mpara sal natural de 3-5kg","description":"Estas l\u00e1mparas son muy beneficiosas porque atrapan los iones negativos que hay en el aire.\u00a0Esto es genial ya que hoy d\u00eda lamentablemente la contaminaci\u00f3n est\u00e1 muy avanzada, en parte por aparatos el\u00e9ctricos que atraen a iones positivos causando da\u00f1os y deterioros en la calidad del ambiente.Reconocido cl\u00ednicamente como un tratamiento eficaz y libre de medicamentos para para los pacientes con trastornos respiratorios y alergias entre otros.","robots":{"index":"index","follow":"follow","max-snippet":"max-snippet:-1","max-image-preview":"max-image-preview:large","max-video-preview":"max-video-preview:-1"},"canonical":"https:\/\/terapiadirecta.cat\/blog\/producto\/lampara-sal-natural-de-3-5kg\/","og_locale":"es_ES","og_type":"article","og_title":"L\u00e1mpara sal natural de 3-5kg","og_description":"Estas l\u00e1mparas son muy beneficiosas porque atrapan los iones negativos que hay en el aire.\u00a0Esto es genial ya que hoy d\u00eda lamentablemente la contaminaci\u00f3n est\u00e1 muy avanzada, en parte por aparatos el\u00e9ctricos que atraen a iones positivos causando da\u00f1os y deterioros en la calidad del ambiente.Reconocido cl\u00ednicamente como un tratamiento eficaz y libre de medicamentos para para los pacientes con trastornos respiratorios y alergias entre otros.","og_url":"https:\/\/terapiadirecta.cat\/blog\/producto\/lampara-sal-natural-de-3-5kg\/","og_site_name":"VDDLM Blog","article_publisher":"https:\/\/www.facebook.com\/terapiadirecta","article_modified_time":"2026-04-01T15:52:33+00:00","og_image":[{"width":1600,"height":1600,"url":"https:\/\/terapiadirecta.cat\/blog\/wp-content\/uploads\/2026\/04\/bG9jYWw6Ly9tZWRpYS9IUy9HRC82MFIzMEMxSDY4UktHREhTLzI3NDk2NWU2LmpwZWc.jpg","type":"image\/jpeg"}],"twitter_card":"summary_large_image","twitter_site":"@terapiadirecta","twitter_misc":{"Tiempo de lectura":"1 minuto"},"schema":{"@context":"https:\/\/schema.org","@graph":[{"@type":"WebPage","@id":"https:\/\/terapiadirecta.cat\/blog\/producto\/lampara-sal-natural-de-3-5kg\/","url":"https:\/\/terapiadirecta.cat\/blog\/producto\/lampara-sal-natural-de-3-5kg\/","name":"L\u00e1mpara sal natural de 3-5kg","isPartOf":{"@id":"https:\/\/terapiadirecta.cat\/blog\/#website"},"primaryImageOfPage":{"@id":"https:\/\/terapiadirecta.cat\/blog\/producto\/lampara-sal-natural-de-3-5kg\/#primaryimage"},"image":{"@id":"https:\/\/terapiadirecta.cat\/blog\/producto\/lampara-sal-natural-de-3-5kg\/#primaryimage"},"thumbnailUrl":"https:\/\/terapiadirecta.cat\/blog\/wp-content\/uploads\/2026\/04\/bG9jYWw6Ly9tZWRpYS9IUy9HRC82MFIzMEMxSDY4UktHREhTLzI3NDk2NWU2LmpwZWc.jpg","datePublished":"2026-04-01T15:42:44+00:00","dateModified":"2026-04-01T15:52:33+00:00","description":"Estas l\u00e1mparas son muy beneficiosas porque atrapan los iones negativos que hay en el aire.\u00a0Esto es genial ya que hoy d\u00eda lamentablemente la contaminaci\u00f3n est\u00e1 muy avanzada, en parte por aparatos el\u00e9ctricos que atraen a iones positivos causando da\u00f1os y deterioros en la calidad del ambiente.Reconocido cl\u00ednicamente como un tratamiento eficaz y libre de medicamentos para para los pacientes con trastornos respiratorios y alergias entre otros.","breadcrumb":{"@id":"https:\/\/terapiadirecta.cat\/blog\/producto\/lampara-sal-natural-de-3-5kg\/#breadcrumb"},"inLanguage":"es","potentialAction":[{"@type":"ReadAction","target":["https:\/\/terapiadirecta.cat\/blog\/producto\/lampara-sal-natural-de-3-5kg\/"]}]},{"@type":"ImageObject","inLanguage":"es","@id":"https:\/\/terapiadirecta.cat\/blog\/producto\/lampara-sal-natural-de-3-5kg\/#primaryimage","url":"https:\/\/terapiadirecta.cat\/blog\/wp-content\/uploads\/2026\/04\/bG9jYWw6Ly9tZWRpYS9IUy9HRC82MFIzMEMxSDY4UktHREhTLzI3NDk2NWU2LmpwZWc.jpg","contentUrl":"https:\/\/terapiadirecta.cat\/blog\/wp-content\/uploads\/2026\/04\/bG9jYWw6Ly9tZWRpYS9IUy9HRC82MFIzMEMxSDY4UktHREhTLzI3NDk2NWU2LmpwZWc.jpg","width":1600,"height":1600},{"@type":"BreadcrumbList","@id":"https:\/\/terapiadirecta.cat\/blog\/producto\/lampara-sal-natural-de-3-5kg\/#breadcrumb","itemListElement":[{"@type":"ListItem","position":1,"name":"Portada","item":"https:\/\/terapiadirecta.cat\/blog\/"},{"@type":"ListItem","position":2,"name":"Tienda","item":"https:\/\/terapiadirecta.cat\/blog\/tienda\/"},{"@type":"ListItem","position":3,"name":"L\u00e1mpara sal natural de 3-5kg"}]},{"@type":"WebSite","@id":"https:\/\/terapiadirecta.cat\/blog\/#website","url":"https:\/\/terapiadirecta.cat\/blog\/","name":"Vida Despu\u00e9s De La Muerte","description":"El blog de TERAPIADIRECTA.CAT","publisher":{"@id":"https:\/\/terapiadirecta.cat\/blog\/#organization"},"potentialAction":[{"@type":"SearchAction","target":{"@type":"EntryPoint","urlTemplate":"https:\/\/terapiadirecta.cat\/blog\/?s={search_term_string}"},"query-input":{"@type":"PropertyValueSpecification","valueRequired":true,"valueName":"search_term_string"}}],"inLanguage":"es"},{"@type":"Organization","@id":"https:\/\/terapiadirecta.cat\/blog\/#organization","name":"terapiadirecta.cat","url":"https:\/\/terapiadirecta.cat\/blog\/","logo":{"@type":"ImageObject","inLanguage":"es","@id":"https:\/\/terapiadirecta.cat\/blog\/#\/schema\/logo\/image\/","url":"https:\/\/terapiadirecta.com\/blog\/wp-content\/uploads\/2026\/02\/VDDLM_LOGO_512x512.png","contentUrl":"https:\/\/terapiadirecta.com\/blog\/wp-content\/uploads\/2026\/02\/VDDLM_LOGO_512x512.png","width":512,"height":512,"caption":"terapiadirecta.cat"},"image":{"@id":"https:\/\/terapiadirecta.cat\/blog\/#\/schema\/logo\/image\/"},"sameAs":["https:\/\/www.facebook.com\/terapiadirecta","https:\/\/x.com\/terapiadirecta","https:\/\/www.youtube.com\/@vidadespuesdelamuerte33","https:\/\/www.instagram.com\/terapiadirecta\/","https:\/\/www.linkedin.com\/in\/terapiadirecta\/"]}]}},"_links":{"self":[{"href":"https:\/\/terapiadirecta.cat\/blog\/wp-json\/wp\/v2\/product\/7652","targetHints":{"allow":["GET"]}}],"collection":[{"href":"https:\/\/terapiadirecta.cat\/blog\/wp-json\/wp\/v2\/product"}],"about":[{"href":"https:\/\/terapiadirecta.cat\/blog\/wp-json\/wp\/v2\/types\/product"}],"replies":[{"embeddable":true,"href":"https:\/\/terapiadirecta.cat\/blog\/wp-json\/wp\/v2\/comments?post=7652"}],"wp:featuredmedia":[{"embeddable":true,"href":"https:\/\/terapiadirecta.cat\/blog\/wp-json\/wp\/v2\/media\/7649"}],"wp:attachment":[{"href":"https:\/\/terapiadirecta.cat\/blog\/wp-json\/wp\/v2\/media?parent=7652"}],"wp:term":[{"taxonomy":"product_brand","embeddable":true,"href":"https:\/\/terapiadirecta.cat\/blog\/wp-json\/wp\/v2\/product_brand?post=7652"},{"taxonomy":"product_cat","embeddable":true,"href":"https:\/\/terapiadirecta.cat\/blog\/wp-json\/wp\/v2\/product_cat?post=7652"},{"taxonomy":"product_tag","embeddable":true,"href":"https:\/\/terapiadirecta.cat\/blog\/wp-json\/wp\/v2\/product_tag?post=7652"}],"curies":[{"name":"wp","href":"https:\/\/api.w.org\/{rel}","templated":true}]}}