{"id":6686,"date":"2026-03-31T11:34:51","date_gmt":"2026-03-31T09:34:51","guid":{"rendered":"https:\/\/terapiadirecta.cat\/blog\/producto\/atado-de-hierba-salvia-blanca-10cm\/"},"modified":"2026-05-16T00:05:38","modified_gmt":"2026-05-15T22:05:38","slug":"atado-de-hierba-salvia-blanca-10cm","status":"publish","type":"product","link":"https:\/\/terapiadirecta.cat\/blog\/producto\/atado-de-hierba-salvia-blanca-10cm\/","title":{"rendered":"Atado de Hierba &#8211; Salvia Blanca 10cm"},"content":{"rendered":"<p class=\"font-claude-response-body break-words whitespace-normal leading-[1.7]\"><strong>Atado de Hierba &#8211; Salvia Blanca 10cm<\/strong><\/p>\n<p class=\"font-claude-response-body break-words whitespace-normal leading-[1.7]\">Atado de hierbas sagradas de salvia blanca pura. Tama\u00f1o: 10cm. Smudge natural tradicional para purificaci\u00f3n y rituales ceremoniales.<\/p>\n<p class=\"font-claude-response-body break-words whitespace-normal leading-[1.7]\"><strong>Caracter\u00edsticas:<\/strong><\/p>\n<ul class=\"[li_&amp;]:mb-0 [li_&amp;]:mt-1 [li_&amp;]:gap-1 [&amp;:not(:last-child)_ul]:pb-1 [&amp;:not(:last-child)_ol]:pb-1 list-disc flex flex-col gap-1 pl-8 mb-3\">\n<li class=\"whitespace-normal break-words pl-2\">Salvia blanca natural pura<\/li>\n<li class=\"whitespace-normal break-words pl-2\">Tama\u00f1o: 10cm<\/li>\n<li class=\"whitespace-normal break-words pl-2\">Atado tradicional<\/li>\n<li class=\"whitespace-normal break-words pl-2\">Elaboraci\u00f3n artesanal<\/li>\n<li class=\"whitespace-normal break-words pl-2\">Aroma sagrado<\/li>\n<\/ul>\n<p class=\"font-claude-response-body break-words whitespace-normal leading-[1.7]\"><strong>Usos:<\/strong> Smudging, purificaci\u00f3n ambiental, rituales de limpieza, altares y pr\u00e1ctica esot\u00e9rica ceremonial.<\/p>\n<p class=\"font-claude-response-body break-words whitespace-normal leading-[1.7]\"><strong>Propiedades:<\/strong> Salvia blanca purifica energ\u00eda negativa y eleva vibraci\u00f3n. Smudge sagrado ancestral para limpieza energ\u00e9tica profunda y protecci\u00f3n.<\/p>\n<p class=\"font-claude-response-body break-words whitespace-normal leading-[1.7]\"><strong>Ideal para:<\/strong> Rituales smudging, purificaci\u00f3n ceremonial, altares, meditaci\u00f3n y pr\u00e1ctica esot\u00e9rica especializada.<\/p>\n<p>&nbsp;<\/p>\n<p>&nbsp;<\/p>\n<p><a href=\"https:\/\/terapiadirecta.cat\/blog\">terapiadirecta.cat<\/a><\/p>\n","protected":false},"excerpt":{"rendered":"<p>Atado de hierbas sagradas de salvia blanca pura. Tama\u00f1o: 10cm. Smudge natural tradicional para purificaci\u00f3n y rituales ceremoniales.<\/p>\n","protected":false},"featured_media":6682,"comment_status":"open","ping_status":"closed","template":"","meta":[],"product_brand":[],"product_cat":[1198],"product_tag":[1357,1415,1292,1211,1217],"class_list":{"0":"post-6686","1":"product","2":"type-product","3":"status-publish","4":"has-post-thumbnail","6":"product_cat-palo-santo-salvia","7":"product_tag-atado-de-hierba","8":"product_tag-limpieza-energetica","9":"product_tag-salvia-blanca","10":"product_tag-terapiadirecta","11":"product_tag-vddlm-blog","13":"first","14":"instock","15":"taxable","16":"shipping-taxable","17":"purchasable","18":"product-type-simple"},"yoast_head":"<!-- This site is optimized with the Yoast SEO plugin v27.6 - https:\/\/yoast.com\/product\/yoast-seo-wordpress\/ -->\n<title>Atado de Salvia Blanca<\/title>\n<meta name=\"description\" content=\"Atado de Salvia Blanca: Atado de hierbas sagradas de salvia blanca pura. Tama\u00f1o: 10cm. Smudge natural tradicional para purificaci\u00f3n y rituales ...\" \/>\n<meta name=\"robots\" content=\"index, follow, max-snippet:-1, max-image-preview:large, max-video-preview:-1\" \/>\n<link rel=\"canonical\" href=\"https:\/\/terapiadirecta.cat\/blog\/producto\/atado-de-hierba-salvia-blanca-10cm\/\" \/>\n<meta property=\"og:locale\" content=\"es_ES\" \/>\n<meta property=\"og:type\" content=\"article\" \/>\n<meta property=\"og:title\" content=\"Atado de Salvia Blanca\" \/>\n<meta property=\"og:description\" content=\"Atado de Salvia Blanca: Atado de hierbas sagradas de salvia blanca pura. Tama\u00f1o: 10cm. Smudge natural tradicional para purificaci\u00f3n y rituales ...\" \/>\n<meta property=\"og:url\" content=\"https:\/\/terapiadirecta.cat\/blog\/producto\/atado-de-hierba-salvia-blanca-10cm\/\" \/>\n<meta property=\"og:site_name\" content=\"Blog de TerapiaDirecta\" \/>\n<meta property=\"article:publisher\" content=\"https:\/\/www.facebook.com\/terapiadirecta\" \/>\n<meta property=\"article:modified_time\" content=\"2026-05-15T22:05:38+00:00\" \/>\n<meta property=\"og:image\" content=\"https:\/\/terapiadirecta.cat\/blog\/wp-content\/uploads\/2026\/03\/bG9jYWw6Ly9tZWRpYS8xUC9HRC82MFIzMEMxRzZSU0tHRDFQLzY1OTYwNjdjLmpwZWc.jpg\" \/>\n\t<meta property=\"og:image:width\" content=\"1600\" \/>\n\t<meta property=\"og:image:height\" content=\"1600\" \/>\n\t<meta property=\"og:image:type\" content=\"image\/jpeg\" \/>\n<meta name=\"twitter:card\" content=\"summary_large_image\" \/>\n<meta name=\"twitter:site\" content=\"@terapiadirecta\" \/>\n<meta name=\"twitter:label1\" content=\"Tiempo de lectura\" \/>\n\t<meta name=\"twitter:data1\" content=\"1 minuto\" \/>\n<script type=\"application\/ld+json\" class=\"yoast-schema-graph\">{\"@context\":\"https:\\\/\\\/schema.org\",\"@graph\":[{\"@type\":\"WebPage\",\"@id\":\"https:\\\/\\\/terapiadirecta.cat\\\/blog\\\/producto\\\/atado-de-hierba-salvia-blanca-10cm\\\/\",\"url\":\"https:\\\/\\\/terapiadirecta.cat\\\/blog\\\/producto\\\/atado-de-hierba-salvia-blanca-10cm\\\/\",\"name\":\"Atado de Salvia Blanca\",\"isPartOf\":{\"@id\":\"https:\\\/\\\/terapiadirecta.cat\\\/blog\\\/#website\"},\"primaryImageOfPage\":{\"@id\":\"https:\\\/\\\/terapiadirecta.cat\\\/blog\\\/producto\\\/atado-de-hierba-salvia-blanca-10cm\\\/#primaryimage\"},\"image\":{\"@id\":\"https:\\\/\\\/terapiadirecta.cat\\\/blog\\\/producto\\\/atado-de-hierba-salvia-blanca-10cm\\\/#primaryimage\"},\"thumbnailUrl\":\"https:\\\/\\\/terapiadirecta.cat\\\/blog\\\/wp-content\\\/uploads\\\/2026\\\/03\\\/bG9jYWw6Ly9tZWRpYS8xUC9HRC82MFIzMEMxRzZSU0tHRDFQLzY1OTYwNjdjLmpwZWc.jpg\",\"datePublished\":\"2026-03-31T09:34:51+00:00\",\"dateModified\":\"2026-05-15T22:05:38+00:00\",\"description\":\"Atado de Salvia Blanca: Atado de hierbas sagradas de salvia blanca pura. Tama\u00f1o: 10cm. Smudge natural tradicional para purificaci\u00f3n y rituales ...\",\"breadcrumb\":{\"@id\":\"https:\\\/\\\/terapiadirecta.cat\\\/blog\\\/producto\\\/atado-de-hierba-salvia-blanca-10cm\\\/#breadcrumb\"},\"inLanguage\":\"es\",\"potentialAction\":[{\"@type\":\"ReadAction\",\"target\":[\"https:\\\/\\\/terapiadirecta.cat\\\/blog\\\/producto\\\/atado-de-hierba-salvia-blanca-10cm\\\/\"]}]},{\"@type\":\"ImageObject\",\"inLanguage\":\"es\",\"@id\":\"https:\\\/\\\/terapiadirecta.cat\\\/blog\\\/producto\\\/atado-de-hierba-salvia-blanca-10cm\\\/#primaryimage\",\"url\":\"https:\\\/\\\/terapiadirecta.cat\\\/blog\\\/wp-content\\\/uploads\\\/2026\\\/03\\\/bG9jYWw6Ly9tZWRpYS8xUC9HRC82MFIzMEMxRzZSU0tHRDFQLzY1OTYwNjdjLmpwZWc.jpg\",\"contentUrl\":\"https:\\\/\\\/terapiadirecta.cat\\\/blog\\\/wp-content\\\/uploads\\\/2026\\\/03\\\/bG9jYWw6Ly9tZWRpYS8xUC9HRC82MFIzMEMxRzZSU0tHRDFQLzY1OTYwNjdjLmpwZWc.jpg\",\"width\":1600,\"height\":1600,\"caption\":\"Atado de Hierba - Salvia Blanca 10cm\"},{\"@type\":\"BreadcrumbList\",\"@id\":\"https:\\\/\\\/terapiadirecta.cat\\\/blog\\\/producto\\\/atado-de-hierba-salvia-blanca-10cm\\\/#breadcrumb\",\"itemListElement\":[{\"@type\":\"ListItem\",\"position\":1,\"name\":\"Portada\",\"item\":\"https:\\\/\\\/terapiadirecta.cat\\\/blog\\\/\"},{\"@type\":\"ListItem\",\"position\":2,\"name\":\"Tienda\",\"item\":\"https:\\\/\\\/terapiadirecta.cat\\\/blog\\\/tienda\\\/\"},{\"@type\":\"ListItem\",\"position\":3,\"name\":\"Atado de Hierba &#8211; Salvia Blanca 10cm\"}]},{\"@type\":\"WebSite\",\"@id\":\"https:\\\/\\\/terapiadirecta.cat\\\/blog\\\/#website\",\"url\":\"https:\\\/\\\/terapiadirecta.cat\\\/blog\\\/\",\"name\":\"Vida Despu\u00e9s De La Muerte\",\"description\":\"Entre Almas Blog\",\"publisher\":{\"@id\":\"https:\\\/\\\/terapiadirecta.cat\\\/blog\\\/#organization\"},\"alternateName\":\"TerapiaDirecta Tienda\",\"potentialAction\":[{\"@type\":\"SearchAction\",\"target\":{\"@type\":\"EntryPoint\",\"urlTemplate\":\"https:\\\/\\\/terapiadirecta.cat\\\/blog\\\/?s={search_term_string}\"},\"query-input\":{\"@type\":\"PropertyValueSpecification\",\"valueRequired\":true,\"valueName\":\"search_term_string\"}}],\"inLanguage\":\"es\"},{\"@type\":\"Organization\",\"@id\":\"https:\\\/\\\/terapiadirecta.cat\\\/blog\\\/#organization\",\"name\":\"terapiadirecta.cat\",\"alternateName\":\"vddlm blog\",\"url\":\"https:\\\/\\\/terapiadirecta.cat\\\/blog\\\/\",\"logo\":{\"@type\":\"ImageObject\",\"inLanguage\":\"es\",\"@id\":\"https:\\\/\\\/terapiadirecta.cat\\\/blog\\\/#\\\/schema\\\/logo\\\/image\\\/\",\"url\":\"https:\\\/\\\/terapiadirecta.cat\\\/blog\\\/wp-content\\\/uploads\\\/2026\\\/02\\\/VDDLM_LOGO_512x512.png\",\"contentUrl\":\"https:\\\/\\\/terapiadirecta.cat\\\/blog\\\/wp-content\\\/uploads\\\/2026\\\/02\\\/VDDLM_LOGO_512x512.png\",\"width\":512,\"height\":512,\"caption\":\"terapiadirecta.cat\"},\"image\":{\"@id\":\"https:\\\/\\\/terapiadirecta.cat\\\/blog\\\/#\\\/schema\\\/logo\\\/image\\\/\"},\"sameAs\":[\"https:\\\/\\\/www.facebook.com\\\/terapiadirecta\",\"https:\\\/\\\/x.com\\\/terapiadirecta\",\"https:\\\/\\\/www.youtube.com\\\/@vidadespuesdelamuerte33\",\"https:\\\/\\\/www.instagram.com\\\/terapiadirecta\\\/\",\"https:\\\/\\\/www.linkedin.com\\\/in\\\/terapiadirecta\\\/\",\"https:\\\/\\\/es.pinterest.com\\\/terapiadirecta\\\/\",\"https:\\\/\\\/www.facebook.com\\\/vedganga\\\/\"]}]}<\/script>\n<!-- \/ Yoast SEO plugin. -->","yoast_head_json":{"title":"Atado de Salvia Blanca","description":"Atado de Salvia Blanca: Atado de hierbas sagradas de salvia blanca pura. Tama\u00f1o: 10cm. Smudge natural tradicional para purificaci\u00f3n y rituales ...","robots":{"index":"index","follow":"follow","max-snippet":"max-snippet:-1","max-image-preview":"max-image-preview:large","max-video-preview":"max-video-preview:-1"},"canonical":"https:\/\/terapiadirecta.cat\/blog\/producto\/atado-de-hierba-salvia-blanca-10cm\/","og_locale":"es_ES","og_type":"article","og_title":"Atado de Salvia Blanca","og_description":"Atado de Salvia Blanca: Atado de hierbas sagradas de salvia blanca pura. Tama\u00f1o: 10cm. Smudge natural tradicional para purificaci\u00f3n y rituales ...","og_url":"https:\/\/terapiadirecta.cat\/blog\/producto\/atado-de-hierba-salvia-blanca-10cm\/","og_site_name":"Blog de TerapiaDirecta","article_publisher":"https:\/\/www.facebook.com\/terapiadirecta","article_modified_time":"2026-05-15T22:05:38+00:00","og_image":[{"width":1600,"height":1600,"url":"https:\/\/terapiadirecta.cat\/blog\/wp-content\/uploads\/2026\/03\/bG9jYWw6Ly9tZWRpYS8xUC9HRC82MFIzMEMxRzZSU0tHRDFQLzY1OTYwNjdjLmpwZWc.jpg","type":"image\/jpeg"}],"twitter_card":"summary_large_image","twitter_site":"@terapiadirecta","twitter_misc":{"Tiempo de lectura":"1 minuto"},"schema":{"@context":"https:\/\/schema.org","@graph":[{"@type":"WebPage","@id":"https:\/\/terapiadirecta.cat\/blog\/producto\/atado-de-hierba-salvia-blanca-10cm\/","url":"https:\/\/terapiadirecta.cat\/blog\/producto\/atado-de-hierba-salvia-blanca-10cm\/","name":"Atado de Salvia Blanca","isPartOf":{"@id":"https:\/\/terapiadirecta.cat\/blog\/#website"},"primaryImageOfPage":{"@id":"https:\/\/terapiadirecta.cat\/blog\/producto\/atado-de-hierba-salvia-blanca-10cm\/#primaryimage"},"image":{"@id":"https:\/\/terapiadirecta.cat\/blog\/producto\/atado-de-hierba-salvia-blanca-10cm\/#primaryimage"},"thumbnailUrl":"https:\/\/terapiadirecta.cat\/blog\/wp-content\/uploads\/2026\/03\/bG9jYWw6Ly9tZWRpYS8xUC9HRC82MFIzMEMxRzZSU0tHRDFQLzY1OTYwNjdjLmpwZWc.jpg","datePublished":"2026-03-31T09:34:51+00:00","dateModified":"2026-05-15T22:05:38+00:00","description":"Atado de Salvia Blanca: Atado de hierbas sagradas de salvia blanca pura. Tama\u00f1o: 10cm. Smudge natural tradicional para purificaci\u00f3n y rituales ...","breadcrumb":{"@id":"https:\/\/terapiadirecta.cat\/blog\/producto\/atado-de-hierba-salvia-blanca-10cm\/#breadcrumb"},"inLanguage":"es","potentialAction":[{"@type":"ReadAction","target":["https:\/\/terapiadirecta.cat\/blog\/producto\/atado-de-hierba-salvia-blanca-10cm\/"]}]},{"@type":"ImageObject","inLanguage":"es","@id":"https:\/\/terapiadirecta.cat\/blog\/producto\/atado-de-hierba-salvia-blanca-10cm\/#primaryimage","url":"https:\/\/terapiadirecta.cat\/blog\/wp-content\/uploads\/2026\/03\/bG9jYWw6Ly9tZWRpYS8xUC9HRC82MFIzMEMxRzZSU0tHRDFQLzY1OTYwNjdjLmpwZWc.jpg","contentUrl":"https:\/\/terapiadirecta.cat\/blog\/wp-content\/uploads\/2026\/03\/bG9jYWw6Ly9tZWRpYS8xUC9HRC82MFIzMEMxRzZSU0tHRDFQLzY1OTYwNjdjLmpwZWc.jpg","width":1600,"height":1600,"caption":"Atado de Hierba - Salvia Blanca 10cm"},{"@type":"BreadcrumbList","@id":"https:\/\/terapiadirecta.cat\/blog\/producto\/atado-de-hierba-salvia-blanca-10cm\/#breadcrumb","itemListElement":[{"@type":"ListItem","position":1,"name":"Portada","item":"https:\/\/terapiadirecta.cat\/blog\/"},{"@type":"ListItem","position":2,"name":"Tienda","item":"https:\/\/terapiadirecta.cat\/blog\/tienda\/"},{"@type":"ListItem","position":3,"name":"Atado de Hierba &#8211; Salvia Blanca 10cm"}]},{"@type":"WebSite","@id":"https:\/\/terapiadirecta.cat\/blog\/#website","url":"https:\/\/terapiadirecta.cat\/blog\/","name":"Vida Despu\u00e9s De La Muerte","description":"Entre Almas Blog","publisher":{"@id":"https:\/\/terapiadirecta.cat\/blog\/#organization"},"alternateName":"TerapiaDirecta Tienda","potentialAction":[{"@type":"SearchAction","target":{"@type":"EntryPoint","urlTemplate":"https:\/\/terapiadirecta.cat\/blog\/?s={search_term_string}"},"query-input":{"@type":"PropertyValueSpecification","valueRequired":true,"valueName":"search_term_string"}}],"inLanguage":"es"},{"@type":"Organization","@id":"https:\/\/terapiadirecta.cat\/blog\/#organization","name":"terapiadirecta.cat","alternateName":"vddlm blog","url":"https:\/\/terapiadirecta.cat\/blog\/","logo":{"@type":"ImageObject","inLanguage":"es","@id":"https:\/\/terapiadirecta.cat\/blog\/#\/schema\/logo\/image\/","url":"https:\/\/terapiadirecta.cat\/blog\/wp-content\/uploads\/2026\/02\/VDDLM_LOGO_512x512.png","contentUrl":"https:\/\/terapiadirecta.cat\/blog\/wp-content\/uploads\/2026\/02\/VDDLM_LOGO_512x512.png","width":512,"height":512,"caption":"terapiadirecta.cat"},"image":{"@id":"https:\/\/terapiadirecta.cat\/blog\/#\/schema\/logo\/image\/"},"sameAs":["https:\/\/www.facebook.com\/terapiadirecta","https:\/\/x.com\/terapiadirecta","https:\/\/www.youtube.com\/@vidadespuesdelamuerte33","https:\/\/www.instagram.com\/terapiadirecta\/","https:\/\/www.linkedin.com\/in\/terapiadirecta\/","https:\/\/es.pinterest.com\/terapiadirecta\/","https:\/\/www.facebook.com\/vedganga\/"]}]}},"_links":{"self":[{"href":"https:\/\/terapiadirecta.cat\/blog\/wp-json\/wp\/v2\/product\/6686","targetHints":{"allow":["GET"]}}],"collection":[{"href":"https:\/\/terapiadirecta.cat\/blog\/wp-json\/wp\/v2\/product"}],"about":[{"href":"https:\/\/terapiadirecta.cat\/blog\/wp-json\/wp\/v2\/types\/product"}],"replies":[{"embeddable":true,"href":"https:\/\/terapiadirecta.cat\/blog\/wp-json\/wp\/v2\/comments?post=6686"}],"wp:featuredmedia":[{"embeddable":true,"href":"https:\/\/terapiadirecta.cat\/blog\/wp-json\/wp\/v2\/media\/6682"}],"wp:attachment":[{"href":"https:\/\/terapiadirecta.cat\/blog\/wp-json\/wp\/v2\/media?parent=6686"}],"wp:term":[{"taxonomy":"product_brand","embeddable":true,"href":"https:\/\/terapiadirecta.cat\/blog\/wp-json\/wp\/v2\/product_brand?post=6686"},{"taxonomy":"product_cat","embeddable":true,"href":"https:\/\/terapiadirecta.cat\/blog\/wp-json\/wp\/v2\/product_cat?post=6686"},{"taxonomy":"product_tag","embeddable":true,"href":"https:\/\/terapiadirecta.cat\/blog\/wp-json\/wp\/v2\/product_tag?post=6686"}],"curies":[{"name":"wp","href":"https:\/\/api.w.org\/{rel}","templated":true}]}}