{"id":9122,"date":"2026-05-02T18:51:09","date_gmt":"2026-05-02T16:51:09","guid":{"rendered":"https:\/\/terapiadirecta.cat\/blog\/?page_id=9122"},"modified":"2026-05-02T18:51:09","modified_gmt":"2026-05-02T16:51:09","slug":"aviso-legal","status":"publish","type":"page","link":"https:\/\/terapiadirecta.cat\/blog\/aviso-legal\/","title":{"rendered":"AVISO LEGAL"},"content":{"rendered":"<p class=\"font-claude-response-body break-words whitespace-normal leading-[1.7]\">En cumplimiento de la Ley 34\/2002, de 11 de julio, de Servicios de la Sociedad de la Informaci\u00f3n y Comercio Electr\u00f3nico (LSSI-CE), se informa:<\/p>\n<ul class=\"[li_&amp;]:mb-0 [li_&amp;]:mt-1 [li_&amp;]:gap-1 [&amp;:not(:last-child)_ul]:pb-1 [&amp;:not(:last-child)_ol]:pb-1 list-disc flex flex-col gap-1 pl-8 mb-3\">\n<li class=\"whitespace-normal break-words pl-2\"><strong>Titular:<\/strong> Univers Blav\u00eds SL<\/li>\n<li class=\"whitespace-normal break-words pl-2\"><strong>CIF:<\/strong> B61381562<\/li>\n<li class=\"whitespace-normal break-words pl-2\"><strong>Actividad:<\/strong> Venta de productos esot\u00e9ricos<\/li>\n<li class=\"whitespace-normal break-words pl-2\"><strong>Direcci\u00f3n:<\/strong> C\/ Moss\u00e8n Jaume Soler 38, Cornell\u00e0 de Llobregat, Barcelona<\/li>\n<li class=\"whitespace-normal break-words pl-2\"><strong>Correo electr\u00f3nico:<\/strong> <a class=\"underline underline underline-offset-2 decoration-1 decoration-current\/40 hover:decoration-current focus:decoration-current\" href=\"mailto:info@terapiadirecta.com\">info@terapiadirecta.com<\/a><\/li>\n<li class=\"whitespace-normal break-words pl-2\"><strong>Web:<\/strong> <a class=\"underline underline underline-offset-2 decoration-1 decoration-current\/40 hover:decoration-current focus:decoration-current\" href=\"https:\/\/terapiadirecta.cat\/blog\">https:\/\/terapiadirecta.cat\/blog<\/a><\/li>\n<\/ul>\n<p class=\"font-claude-response-body break-words whitespace-normal leading-[1.7]\"><strong>Propiedad intelectual<\/strong><\/p>\n<p class=\"font-claude-response-body break-words whitespace-normal leading-[1.7]\">Los contenidos de esta web, incluyendo textos, im\u00e1genes y dise\u00f1o, son propiedad de TerapiaDirecta (Univers Blav\u00eds SL). Queda prohibida su reproducci\u00f3n sin autorizaci\u00f3n expresa.<\/p>\n<p class=\"font-claude-response-body break-words whitespace-normal leading-[1.7]\"><strong>Responsabilidad<\/strong><\/p>\n<p class=\"font-claude-response-body break-words whitespace-normal leading-[1.7]\">TerapiaDirecta (Univers Blav\u00eds SL) no se responsabiliza de los da\u00f1os derivados del uso incorrecto de los productos adquiridos.<\/p>\n","protected":false},"excerpt":{"rendered":"<p>En cumplimiento de la Ley 34\/2002, de 11 de julio, de Servicios de la Sociedad de la Informaci\u00f3n y Comercio Electr\u00f3nico (LSSI-CE), se informa: Titular: Univers Blav\u00eds SL CIF: B61381562 Actividad: Venta de productos esot\u00e9ricos Direcci\u00f3n: C\/ Moss\u00e8n Jaume Soler 38, Cornell\u00e0 de Llobregat, Barcelona Correo electr\u00f3nico: info@terapiadirecta.com Web: https:\/\/terapiadirecta.cat\/blog Propiedad intelectual Los contenidos de [&hellip;]<\/p>\n","protected":false},"author":1,"featured_media":0,"parent":0,"menu_order":0,"comment_status":"closed","ping_status":"closed","template":"","meta":{"footnotes":""},"class_list":["post-9122","page","type-page","status-publish","hentry"],"yoast_head":"<!-- This site is optimized with the Yoast SEO plugin v27.5 - https:\/\/yoast.com\/product\/yoast-seo-wordpress\/ -->\n<title>AVISO LEGAL - Blog de TerapiaDirecta<\/title>\n<meta name=\"robots\" content=\"index, follow, max-snippet:-1, max-image-preview:large, max-video-preview:-1\" \/>\n<link rel=\"canonical\" href=\"https:\/\/terapiadirecta.cat\/blog\/aviso-legal\/\" \/>\n<meta property=\"og:locale\" content=\"es_ES\" \/>\n<meta property=\"og:type\" content=\"article\" \/>\n<meta property=\"og:title\" content=\"AVISO LEGAL - Blog de TerapiaDirecta\" \/>\n<meta property=\"og:description\" content=\"En cumplimiento de la Ley 34\/2002, de 11 de julio, de Servicios de la Sociedad de la Informaci\u00f3n y Comercio Electr\u00f3nico (LSSI-CE), se informa: Titular: Univers Blav\u00eds SL CIF: B61381562 Actividad: Venta de productos esot\u00e9ricos Direcci\u00f3n: C\/ Moss\u00e8n Jaume Soler 38, Cornell\u00e0 de Llobregat, Barcelona Correo electr\u00f3nico: info@terapiadirecta.com Web: https:\/\/terapiadirecta.cat\/blog Propiedad intelectual Los contenidos de [&hellip;]\" \/>\n<meta property=\"og:url\" content=\"https:\/\/terapiadirecta.cat\/blog\/aviso-legal\/\" \/>\n<meta property=\"og:site_name\" content=\"Blog de TerapiaDirecta\" \/>\n<meta property=\"article:publisher\" content=\"https:\/\/www.facebook.com\/terapiadirecta\" \/>\n<meta name=\"twitter:card\" content=\"summary_large_image\" \/>\n<meta name=\"twitter:site\" content=\"@terapiadirecta\" \/>\n<meta name=\"twitter:label1\" content=\"Tiempo de lectura\" \/>\n\t<meta name=\"twitter:data1\" content=\"1 minuto\" \/>\n<script type=\"application\/ld+json\" class=\"yoast-schema-graph\">{\"@context\":\"https:\\\/\\\/schema.org\",\"@graph\":[{\"@type\":\"WebPage\",\"@id\":\"https:\\\/\\\/terapiadirecta.cat\\\/blog\\\/aviso-legal\\\/\",\"url\":\"https:\\\/\\\/terapiadirecta.cat\\\/blog\\\/aviso-legal\\\/\",\"name\":\"AVISO LEGAL - Blog de TerapiaDirecta\",\"isPartOf\":{\"@id\":\"https:\\\/\\\/terapiadirecta.cat\\\/blog\\\/#website\"},\"datePublished\":\"2026-05-02T16:51:09+00:00\",\"breadcrumb\":{\"@id\":\"https:\\\/\\\/terapiadirecta.cat\\\/blog\\\/aviso-legal\\\/#breadcrumb\"},\"inLanguage\":\"es\",\"potentialAction\":[{\"@type\":\"ReadAction\",\"target\":[\"https:\\\/\\\/terapiadirecta.cat\\\/blog\\\/aviso-legal\\\/\"]}]},{\"@type\":\"BreadcrumbList\",\"@id\":\"https:\\\/\\\/terapiadirecta.cat\\\/blog\\\/aviso-legal\\\/#breadcrumb\",\"itemListElement\":[{\"@type\":\"ListItem\",\"position\":1,\"name\":\"Portada\",\"item\":\"https:\\\/\\\/terapiadirecta.cat\\\/blog\\\/\"},{\"@type\":\"ListItem\",\"position\":2,\"name\":\"AVISO LEGAL\"}]},{\"@type\":\"WebSite\",\"@id\":\"https:\\\/\\\/terapiadirecta.cat\\\/blog\\\/#website\",\"url\":\"https:\\\/\\\/terapiadirecta.cat\\\/blog\\\/\",\"name\":\"Vida Despu\u00e9s De La Muerte\",\"description\":\"Vida Despu\u00e9s De La Muerte - VDDLM Blog\",\"publisher\":{\"@id\":\"https:\\\/\\\/terapiadirecta.cat\\\/blog\\\/#organization\"},\"alternateName\":\"TerapiaDirecta Tienda\",\"potentialAction\":[{\"@type\":\"SearchAction\",\"target\":{\"@type\":\"EntryPoint\",\"urlTemplate\":\"https:\\\/\\\/terapiadirecta.cat\\\/blog\\\/?s={search_term_string}\"},\"query-input\":{\"@type\":\"PropertyValueSpecification\",\"valueRequired\":true,\"valueName\":\"search_term_string\"}}],\"inLanguage\":\"es\"},{\"@type\":\"Organization\",\"@id\":\"https:\\\/\\\/terapiadirecta.cat\\\/blog\\\/#organization\",\"name\":\"terapiadirecta.cat\",\"alternateName\":\"vddlm blog\",\"url\":\"https:\\\/\\\/terapiadirecta.cat\\\/blog\\\/\",\"logo\":{\"@type\":\"ImageObject\",\"inLanguage\":\"es\",\"@id\":\"https:\\\/\\\/terapiadirecta.cat\\\/blog\\\/#\\\/schema\\\/logo\\\/image\\\/\",\"url\":\"https:\\\/\\\/terapiadirecta.cat\\\/blog\\\/wp-content\\\/uploads\\\/2026\\\/02\\\/VDDLM_LOGO_512x512.png\",\"contentUrl\":\"https:\\\/\\\/terapiadirecta.cat\\\/blog\\\/wp-content\\\/uploads\\\/2026\\\/02\\\/VDDLM_LOGO_512x512.png\",\"width\":512,\"height\":512,\"caption\":\"terapiadirecta.cat\"},\"image\":{\"@id\":\"https:\\\/\\\/terapiadirecta.cat\\\/blog\\\/#\\\/schema\\\/logo\\\/image\\\/\"},\"sameAs\":[\"https:\\\/\\\/www.facebook.com\\\/terapiadirecta\",\"https:\\\/\\\/x.com\\\/terapiadirecta\",\"https:\\\/\\\/www.youtube.com\\\/@vidadespuesdelamuerte33\",\"https:\\\/\\\/www.instagram.com\\\/terapiadirecta\\\/\",\"https:\\\/\\\/www.linkedin.com\\\/in\\\/terapiadirecta\\\/\",\"https:\\\/\\\/es.pinterest.com\\\/terapiadirecta\\\/\",\"https:\\\/\\\/www.facebook.com\\\/vedganga\\\/\"]}]}<\/script>\n<!-- \/ Yoast SEO plugin. -->","yoast_head_json":{"title":"AVISO LEGAL - Blog de TerapiaDirecta","robots":{"index":"index","follow":"follow","max-snippet":"max-snippet:-1","max-image-preview":"max-image-preview:large","max-video-preview":"max-video-preview:-1"},"canonical":"https:\/\/terapiadirecta.cat\/blog\/aviso-legal\/","og_locale":"es_ES","og_type":"article","og_title":"AVISO LEGAL - Blog de TerapiaDirecta","og_description":"En cumplimiento de la Ley 34\/2002, de 11 de julio, de Servicios de la Sociedad de la Informaci\u00f3n y Comercio Electr\u00f3nico (LSSI-CE), se informa: Titular: Univers Blav\u00eds SL CIF: B61381562 Actividad: Venta de productos esot\u00e9ricos Direcci\u00f3n: C\/ Moss\u00e8n Jaume Soler 38, Cornell\u00e0 de Llobregat, Barcelona Correo electr\u00f3nico: info@terapiadirecta.com Web: https:\/\/terapiadirecta.cat\/blog Propiedad intelectual Los contenidos de [&hellip;]","og_url":"https:\/\/terapiadirecta.cat\/blog\/aviso-legal\/","og_site_name":"Blog de TerapiaDirecta","article_publisher":"https:\/\/www.facebook.com\/terapiadirecta","twitter_card":"summary_large_image","twitter_site":"@terapiadirecta","twitter_misc":{"Tiempo de lectura":"1 minuto"},"schema":{"@context":"https:\/\/schema.org","@graph":[{"@type":"WebPage","@id":"https:\/\/terapiadirecta.cat\/blog\/aviso-legal\/","url":"https:\/\/terapiadirecta.cat\/blog\/aviso-legal\/","name":"AVISO LEGAL - Blog de TerapiaDirecta","isPartOf":{"@id":"https:\/\/terapiadirecta.cat\/blog\/#website"},"datePublished":"2026-05-02T16:51:09+00:00","breadcrumb":{"@id":"https:\/\/terapiadirecta.cat\/blog\/aviso-legal\/#breadcrumb"},"inLanguage":"es","potentialAction":[{"@type":"ReadAction","target":["https:\/\/terapiadirecta.cat\/blog\/aviso-legal\/"]}]},{"@type":"BreadcrumbList","@id":"https:\/\/terapiadirecta.cat\/blog\/aviso-legal\/#breadcrumb","itemListElement":[{"@type":"ListItem","position":1,"name":"Portada","item":"https:\/\/terapiadirecta.cat\/blog\/"},{"@type":"ListItem","position":2,"name":"AVISO LEGAL"}]},{"@type":"WebSite","@id":"https:\/\/terapiadirecta.cat\/blog\/#website","url":"https:\/\/terapiadirecta.cat\/blog\/","name":"Vida Despu\u00e9s De La Muerte","description":"Vida Despu\u00e9s De La Muerte - VDDLM Blog","publisher":{"@id":"https:\/\/terapiadirecta.cat\/blog\/#organization"},"alternateName":"TerapiaDirecta Tienda","potentialAction":[{"@type":"SearchAction","target":{"@type":"EntryPoint","urlTemplate":"https:\/\/terapiadirecta.cat\/blog\/?s={search_term_string}"},"query-input":{"@type":"PropertyValueSpecification","valueRequired":true,"valueName":"search_term_string"}}],"inLanguage":"es"},{"@type":"Organization","@id":"https:\/\/terapiadirecta.cat\/blog\/#organization","name":"terapiadirecta.cat","alternateName":"vddlm blog","url":"https:\/\/terapiadirecta.cat\/blog\/","logo":{"@type":"ImageObject","inLanguage":"es","@id":"https:\/\/terapiadirecta.cat\/blog\/#\/schema\/logo\/image\/","url":"https:\/\/terapiadirecta.cat\/blog\/wp-content\/uploads\/2026\/02\/VDDLM_LOGO_512x512.png","contentUrl":"https:\/\/terapiadirecta.cat\/blog\/wp-content\/uploads\/2026\/02\/VDDLM_LOGO_512x512.png","width":512,"height":512,"caption":"terapiadirecta.cat"},"image":{"@id":"https:\/\/terapiadirecta.cat\/blog\/#\/schema\/logo\/image\/"},"sameAs":["https:\/\/www.facebook.com\/terapiadirecta","https:\/\/x.com\/terapiadirecta","https:\/\/www.youtube.com\/@vidadespuesdelamuerte33","https:\/\/www.instagram.com\/terapiadirecta\/","https:\/\/www.linkedin.com\/in\/terapiadirecta\/","https:\/\/es.pinterest.com\/terapiadirecta\/","https:\/\/www.facebook.com\/vedganga\/"]}]}},"_links":{"self":[{"href":"https:\/\/terapiadirecta.cat\/blog\/wp-json\/wp\/v2\/pages\/9122","targetHints":{"allow":["GET"]}}],"collection":[{"href":"https:\/\/terapiadirecta.cat\/blog\/wp-json\/wp\/v2\/pages"}],"about":[{"href":"https:\/\/terapiadirecta.cat\/blog\/wp-json\/wp\/v2\/types\/page"}],"author":[{"embeddable":true,"href":"https:\/\/terapiadirecta.cat\/blog\/wp-json\/wp\/v2\/users\/1"}],"replies":[{"embeddable":true,"href":"https:\/\/terapiadirecta.cat\/blog\/wp-json\/wp\/v2\/comments?post=9122"}],"version-history":[{"count":1,"href":"https:\/\/terapiadirecta.cat\/blog\/wp-json\/wp\/v2\/pages\/9122\/revisions"}],"predecessor-version":[{"id":9123,"href":"https:\/\/terapiadirecta.cat\/blog\/wp-json\/wp\/v2\/pages\/9122\/revisions\/9123"}],"wp:attachment":[{"href":"https:\/\/terapiadirecta.cat\/blog\/wp-json\/wp\/v2\/media?parent=9122"}],"curies":[{"name":"wp","href":"https:\/\/api.w.org\/{rel}","templated":true}]}}